{"id":1333,"date":"2020-05-28T20:01:55","date_gmt":"2020-05-28T20:01:55","guid":{"rendered":"https:\/\/cognosweb.com\/cognoswp\/?page_id=1333"},"modified":"2020-11-27T00:56:13","modified_gmt":"2020-11-27T00:56:13","slug":"marketing-digital","status":"publish","type":"page","link":"https:\/\/cognosweb.com\/cognoswp\/marketing-digital\/","title":{"rendered":"Marketing digital"},"content":{"rendered":"<style>.wp-block-kadence-advancedgallery.kb-gallery-wrap-id-_18e37e-38{overflow:hidden;}.kb-gallery-type-carousel.kb-gallery-id-_18e37e-38 .kt-blocks-carousel .kt-blocks-carousel-init{margin:0 -5px;}.kb-gallery-type-carousel.kb-gallery-id-_18e37e-38 .kt-blocks-carousel .kt-blocks-carousel-init .kb-slide-item{padding:4px 5px;}.kb-gallery-type-carousel.kb-gallery-id-_18e37e-38 .kt-blocks-carousel .kt-blocks-carousel-init .slick-prev{left:5px;}.kb-gallery-type-carousel.kb-gallery-id-_18e37e-38 .kt-blocks-carousel .kt-blocks-carousel-init .slick-next{right:5px;}.kb-gallery-id-_18e37e-38 .kadence-blocks-gallery-item .kb-gal-image-radius, .kb-gallery-id-_18e37e-38 .kb-slide-item .kb-gal-image-radius img{border-radius:0px 0px 0px 0px;;}<\/style>\n<div class=\"wp-block-kadence-advancedgallery kb-gallery-wrap-id-_18e37e-38\"><div class=\"kb-gallery-ul kb-gallery-type-carousel kb-gallery-id-_18e37e-38 kb-gallery-caption-style-bottom-hover kb-gallery-filter-none\" data-image-filter=\"none\" data-lightbox-caption=\"true\"><div class=\"kt-blocks-carousel kt-carousel-container-dotstyle-dark\"><div class=\"kt-blocks-carousel-init kb-gallery-carousel kt-carousel-arrowstyle-whiteondark kt-carousel-dotstyle-dark\" data-columns-xxl=\"3\" data-columns-xl=\"3\" data-columns-md=\"3\" data-columns-sm=\"2\" data-columns-xs=\"1\" data-columns-ss=\"1\" data-slider-anim-speed=\"400\" data-slider-scroll=\"1\" data-slider-arrows=\"true\" data-slider-dots=\"true\" data-slider-hover-pause=\"false\" data-slider-auto=\"false\" data-slider-speed=\"7000\"><div class=\"kb-slide-item kb-gallery-carousel-item\"><div class=\"kadence-blocks-gallery-item\"><div class=\"kadence-blocks-gallery-item-inner\"><figure class=\"kb-gallery-figure kadence-blocks-gallery-item-hide-caption kb-has-image-ratio-land32\"><div class=\"kb-gal-image-radius\"><div class=\"kb-gallery-image-contain kadence-blocks-gallery-intrinsic kb-gallery-image-ratio-land32\"><img loading=\"lazy\" decoding=\"async\" src=\"https:\/\/cognosweb.com\/cognoswp\/wp-content\/uploads\/2020\/06\/5-6-1024x394.png\" width=\"1024\" height=\"394\" alt=\"\" data-full-image=\"https:\/\/cognosweb.com\/cognoswp\/wp-content\/uploads\/2020\/06\/5-6.png\" data-light-image=\"https:\/\/cognosweb.com\/cognoswp\/wp-content\/uploads\/2020\/06\/5-6.png\" data-id=\"1589\" data-link=\"https:\/\/cognosweb.com\/cognoswp\/cursos-especiales\/5-6\/\" class=\"wp-image-1589 skip-lazy\" title=\"\" srcset=\"https:\/\/cognosweb.com\/cognoswp\/wp-content\/uploads\/2020\/06\/5-6-1024x394.png 1024w, https:\/\/cognosweb.com\/cognoswp\/wp-content\/uploads\/2020\/06\/5-6-300x115.png 300w, https:\/\/cognosweb.com\/cognoswp\/wp-content\/uploads\/2020\/06\/5-6-768x295.png 768w, https:\/\/cognosweb.com\/cognoswp\/wp-content\/uploads\/2020\/06\/5-6-600x231.png 600w, https:\/\/cognosweb.com\/cognoswp\/wp-content\/uploads\/2020\/06\/5-6.png 1170w\" sizes=\"auto, (max-width: 1024px) 100vw, 1024px\" \/><\/div><\/div><\/figure><\/div><\/div><\/div><div class=\"kb-slide-item kb-gallery-carousel-item\"><div class=\"kadence-blocks-gallery-item\"><div class=\"kadence-blocks-gallery-item-inner\"><figure class=\"kb-gallery-figure kadence-blocks-gallery-item-hide-caption kb-has-image-ratio-land32\"><div class=\"kb-gal-image-radius\"><div class=\"kb-gallery-image-contain kadence-blocks-gallery-intrinsic kb-gallery-image-ratio-land32\"><img loading=\"lazy\" decoding=\"async\" src=\"https:\/\/cognosweb.com\/cognoswp\/wp-content\/uploads\/2020\/06\/4-6-1024x394.png\" width=\"1024\" height=\"394\" alt=\"\" data-full-image=\"https:\/\/cognosweb.com\/cognoswp\/wp-content\/uploads\/2020\/06\/4-6.png\" data-light-image=\"https:\/\/cognosweb.com\/cognoswp\/wp-content\/uploads\/2020\/06\/4-6.png\" data-id=\"1588\" data-link=\"https:\/\/cognosweb.com\/cognoswp\/cursos-especiales\/4-6\/\" class=\"wp-image-1588 skip-lazy\" title=\"\" srcset=\"https:\/\/cognosweb.com\/cognoswp\/wp-content\/uploads\/2020\/06\/4-6-1024x394.png 1024w, https:\/\/cognosweb.com\/cognoswp\/wp-content\/uploads\/2020\/06\/4-6-300x115.png 300w, https:\/\/cognosweb.com\/cognoswp\/wp-content\/uploads\/2020\/06\/4-6-768x295.png 768w, https:\/\/cognosweb.com\/cognoswp\/wp-content\/uploads\/2020\/06\/4-6-600x231.png 600w, https:\/\/cognosweb.com\/cognoswp\/wp-content\/uploads\/2020\/06\/4-6.png 1170w\" sizes=\"auto, (max-width: 1024px) 100vw, 1024px\" \/><\/div><\/div><\/figure><\/div><\/div><\/div><div class=\"kb-slide-item kb-gallery-carousel-item\"><div class=\"kadence-blocks-gallery-item\"><div class=\"kadence-blocks-gallery-item-inner\"><figure class=\"kb-gallery-figure kadence-blocks-gallery-item-hide-caption kb-has-image-ratio-land32\"><div class=\"kb-gal-image-radius\"><div class=\"kb-gallery-image-contain kadence-blocks-gallery-intrinsic kb-gallery-image-ratio-land32\"><img loading=\"lazy\" decoding=\"async\" src=\"https:\/\/cognosweb.com\/cognoswp\/wp-content\/uploads\/2020\/06\/5-2-1024x394.png\" width=\"1024\" height=\"394\" alt=\"\" data-full-image=\"https:\/\/cognosweb.com\/cognoswp\/wp-content\/uploads\/2020\/06\/5-2.png\" data-light-image=\"https:\/\/cognosweb.com\/cognoswp\/wp-content\/uploads\/2020\/06\/5-2.png\" data-id=\"1537\" data-link=\"https:\/\/cognosweb.com\/cognoswp\/tiendas-virtuales\/5-2-2\/\" class=\"wp-image-1537 skip-lazy\" title=\"\" srcset=\"https:\/\/cognosweb.com\/cognoswp\/wp-content\/uploads\/2020\/06\/5-2-1024x394.png 1024w, https:\/\/cognosweb.com\/cognoswp\/wp-content\/uploads\/2020\/06\/5-2-300x115.png 300w, https:\/\/cognosweb.com\/cognoswp\/wp-content\/uploads\/2020\/06\/5-2-768x295.png 768w, https:\/\/cognosweb.com\/cognoswp\/wp-content\/uploads\/2020\/06\/5-2-600x231.png 600w, https:\/\/cognosweb.com\/cognoswp\/wp-content\/uploads\/2020\/06\/5-2.png 1170w\" sizes=\"auto, (max-width: 1024px) 100vw, 1024px\" \/><\/div><\/div><\/figure><\/div><\/div><\/div><div class=\"kb-slide-item kb-gallery-carousel-item\"><div class=\"kadence-blocks-gallery-item\"><div class=\"kadence-blocks-gallery-item-inner\"><figure class=\"kb-gallery-figure kadence-blocks-gallery-item-hide-caption kb-has-image-ratio-land32\"><div class=\"kb-gal-image-radius\"><div class=\"kb-gallery-image-contain kadence-blocks-gallery-intrinsic kb-gallery-image-ratio-land32\"><img loading=\"lazy\" decoding=\"async\" src=\"https:\/\/cognosweb.com\/cognoswp\/wp-content\/uploads\/2020\/06\/4-3-1024x394.png\" width=\"1024\" height=\"394\" alt=\"\" data-full-image=\"https:\/\/cognosweb.com\/cognoswp\/wp-content\/uploads\/2020\/06\/4-3.png\" data-light-image=\"https:\/\/cognosweb.com\/cognoswp\/wp-content\/uploads\/2020\/06\/4-3.png\" data-id=\"1543\" data-link=\"https:\/\/cognosweb.com\/cognoswp\/diseno-web\/4-3-2\/\" class=\"wp-image-1543 skip-lazy\" title=\"\" srcset=\"https:\/\/cognosweb.com\/cognoswp\/wp-content\/uploads\/2020\/06\/4-3-1024x394.png 1024w, https:\/\/cognosweb.com\/cognoswp\/wp-content\/uploads\/2020\/06\/4-3-300x115.png 300w, https:\/\/cognosweb.com\/cognoswp\/wp-content\/uploads\/2020\/06\/4-3-768x295.png 768w, https:\/\/cognosweb.com\/cognoswp\/wp-content\/uploads\/2020\/06\/4-3-600x231.png 600w, https:\/\/cognosweb.com\/cognoswp\/wp-content\/uploads\/2020\/06\/4-3.png 1170w\" sizes=\"auto, (max-width: 1024px) 100vw, 1024px\" \/><\/div><\/div><\/figure><\/div><\/div><\/div><div class=\"kb-slide-item kb-gallery-carousel-item\"><div class=\"kadence-blocks-gallery-item\"><div class=\"kadence-blocks-gallery-item-inner\"><figure class=\"kb-gallery-figure kadence-blocks-gallery-item-hide-caption kb-has-image-ratio-land32\"><div class=\"kb-gal-image-radius\"><div class=\"kb-gallery-image-contain kadence-blocks-gallery-intrinsic kb-gallery-image-ratio-land32\"><img loading=\"lazy\" decoding=\"async\" src=\"https:\/\/cognosweb.com\/cognoswp\/wp-content\/uploads\/2020\/06\/5-1024x394.png\" width=\"1024\" height=\"394\" alt=\"\" data-full-image=\"https:\/\/cognosweb.com\/cognoswp\/wp-content\/uploads\/2020\/06\/5.png\" data-light-image=\"https:\/\/cognosweb.com\/cognoswp\/wp-content\/uploads\/2020\/06\/5.png\" data-id=\"1511\" data-link=\"https:\/\/cognosweb.com\/cognoswp\/capacitacion-empresarial\/5-4\/\" class=\"wp-image-1511 skip-lazy\" title=\"\" srcset=\"https:\/\/cognosweb.com\/cognoswp\/wp-content\/uploads\/2020\/06\/5-1024x394.png 1024w, https:\/\/cognosweb.com\/cognoswp\/wp-content\/uploads\/2020\/06\/5-300x115.png 300w, https:\/\/cognosweb.com\/cognoswp\/wp-content\/uploads\/2020\/06\/5-768x295.png 768w, https:\/\/cognosweb.com\/cognoswp\/wp-content\/uploads\/2020\/06\/5-600x231.png 600w, https:\/\/cognosweb.com\/cognoswp\/wp-content\/uploads\/2020\/06\/5.png 1170w\" sizes=\"auto, (max-width: 1024px) 100vw, 1024px\" \/><\/div><\/div><\/figure><\/div><\/div><\/div><\/div><\/div><\/div><\/div>\n\n\n\n<p>CognosWeb esta en capacidad los servicios de marketing digital, mercadeo y manejo de redes sociales que tu organizaci\u00f3n requiera, entre otros puedes contar con nosotros para:<\/p>\n<ol>\n<li><strong>Inbound Marketing<\/strong><\/li>\n<li><strong>An\u00e1lisis del Retorno de Inversi\u00f3n (ROI)<\/strong><\/li>\n<li><strong>Anal\u00edtica Web<\/strong><\/li>\n<li><strong>Campa\u00f1as PPC, Pay Per Click<\/strong><\/li>\n<li><strong>Desarrollo y Dise\u00f1o Web<\/strong><\/li>\n<li><strong>E-Commerce<\/strong><\/li>\n<li><strong>Posicionamiento SEO y SEM<\/strong><\/li>\n<li><strong>Email Marketing<\/strong><\/li>\n<li><strong>Social Media<\/strong><\/li>\n<li><strong>Media Planning.<\/strong><\/li>\n<\/ol>\n<p>Para cualquier informaci\u00f3n cont\u00e1ctanos para brindarle nuestra asesor\u00eda en \u00a0nuestros tel\u00e9fonos,\u00a0 llenando nuestro <a href=\"https:\/\/cognosweb.com\/cognoswp\/contactanos\/\"><strong>formulario de Contacto<\/strong><\/a> o de solicitud de una <a href=\"https:\/\/cognosweb.com\/cognoswp\/quiero-cotizar\/\"><strong>cotizaci\u00f3n<\/strong><\/a>.<\/p>\n<p>Nuestro portal, \u00a0<a href=\"https:\/\/auladelconocimiento.com\" target=\"_blank\" rel=\"noreferrer noopener\">https:\/\/auladelconocimiento.com<\/a>, te permite ver como las soluciones propuestas se hacen realidad.<\/p>\n","protected":false},"excerpt":{"rendered":"<p>CognosWeb esta en capacidad los servicios de marketing digital, mercadeo y manejo de redes sociales que tu organizaci\u00f3n requiera, entre otros puedes contar con nosotros para: Inbound Marketing An\u00e1lisis del Retorno de Inversi\u00f3n (ROI) Anal\u00edtica Web Campa\u00f1as PPC, Pay Per &hellip; <a href=\"https:\/\/cognosweb.com\/cognoswp\/marketing-digital\/\">Continuar<\/a><\/p>\n","protected":false},"author":1,"featured_media":0,"parent":0,"menu_order":0,"comment_status":"closed","ping_status":"closed","template":"","meta":{"_acf_changed":false,"kt_blocks_editor_width":"","footnotes":""},"class_list":["post-1333","page","type-page","status-publish","hentry"],"acf":[],"_links":{"self":[{"href":"https:\/\/cognosweb.com\/cognoswp\/wp-json\/wp\/v2\/pages\/1333","targetHints":{"allow":["GET"]}}],"collection":[{"href":"https:\/\/cognosweb.com\/cognoswp\/wp-json\/wp\/v2\/pages"}],"about":[{"href":"https:\/\/cognosweb.com\/cognoswp\/wp-json\/wp\/v2\/types\/page"}],"author":[{"embeddable":true,"href":"https:\/\/cognosweb.com\/cognoswp\/wp-json\/wp\/v2\/users\/1"}],"replies":[{"embeddable":true,"href":"https:\/\/cognosweb.com\/cognoswp\/wp-json\/wp\/v2\/comments?post=1333"}],"version-history":[{"count":0,"href":"https:\/\/cognosweb.com\/cognoswp\/wp-json\/wp\/v2\/pages\/1333\/revisions"}],"wp:attachment":[{"href":"https:\/\/cognosweb.com\/cognoswp\/wp-json\/wp\/v2\/media?parent=1333"}],"curies":[{"name":"wp","href":"https:\/\/api.w.org\/{rel}","templated":true}]}}