{"id":2003,"date":"2020-11-26T02:05:08","date_gmt":"2020-11-26T02:05:08","guid":{"rendered":"https:\/\/cognosweb.com\/cognoswp\/?page_id=2003"},"modified":"2020-12-01T00:11:21","modified_gmt":"2020-12-01T00:11:21","slug":"auditoria-web","status":"publish","type":"page","link":"https:\/\/cognosweb.com\/cognoswp\/auditoria-web\/","title":{"rendered":"Auditoria web"},"content":{"rendered":"\n<h2><span style=\"color: #ffffff; font-size: 8pt;\">Auditoria web<\/span><\/h2>\n<p><span style=\"color: #ffffff;\"><img loading=\"lazy\" decoding=\"async\" class=\" wp-image-2006 aligncenter\" src=\"https:\/\/cognosweb.com\/cognoswp\/wp-content\/uploads\/2020\/11\/seo3.jpg\" alt=\"Auditoria web\" width=\"133\" height=\"133\" title=\"\" srcset=\"https:\/\/cognosweb.com\/cognoswp\/wp-content\/uploads\/2020\/11\/seo3.jpg 225w, https:\/\/cognosweb.com\/cognoswp\/wp-content\/uploads\/2020\/11\/seo3-150x150.jpg 150w\" sizes=\"auto, (max-width: 133px) 100vw, 133px\" \/><\/span><\/p>\n<p>La Auditoria web &#8211;\u00a0 Cuantas veces te has preguntado si realmente tu p\u00e1gina web esta visible en internet, y si los buscadores la reconocen, y la posicionan adecuadamente como quieres?<\/p>\n<p>Es posible que hasta haya sido \u00abpenalizada\u00bb por Google u otro buscador porque no cumple los requisitos para ser posicionada.<\/p>\n<p>Sabes si tiene enlaces perdidos no vistos a simple vista, enlaces duplicados, errores de redireccionamiento?\u00a0 y si tu sitemap esta bien definido?<\/p>\n<p>Y adem\u00e1s sabes si esta optimizada, si tus im\u00e1genes son adecuadas o adaptadas a los nuevos par\u00e1metros, y si incluyen par\u00e1metros ALT ?<\/p>\n<p>Sabes algo de su performance o rendimiento?, si esta optimizada en cuanto al tiempo de respuesta o esta considerada muy lenta.<\/p>\n<p>Que hay del SEO, lo has aplicado para verificar si Google la considerar\u00eda apta para tenerla en cuenta, si han incluido metakeywords, meta-descripciones,\u00a0 y si no estan duplicados?<\/p>\n<p>Que puedes decir de la optimizaci\u00f3n para m\u00f3viles, es visible correctamente?, tiene aplicada las \u00faltimas t\u00e9cnicas SEO para su visibilidad correcta desde los celulares? Usa datos estructurados para mejorar su visibilidad?<\/p>\n<p><strong>Todos estos se pueden detectar realizando una revisi\u00f3n exhaustiva, que te permitir\u00e1n determinar si solo tienes un bonito adorno \u00abnavide\u00f1o\u00bb con muchas luces y colores en una hermosa p\u00e1gina web, o una web eficiente que te traer\u00e1 clientes reales a tu negocio.<\/strong><\/p>\n<p><span class=\"VIiyi\" lang=\"es\"><span class=\"JLqJ4b ChMk0b\" data-language-for-alternatives=\"es\" data-language-to-translate-into=\"en\" data-phrase-index=\"0\">Una auditor\u00eda de SEO es un proceso en el que realiza controles rigurosos sobre ciertos factores que afectan la capacidad de su sitio web para generar tr\u00e1fico y determina los ajustes necesarios que deben realizarse sobre estos par\u00e1metros.<\/span> <\/span><\/p>\n<p><span class=\"VIiyi\" lang=\"es\"><span class=\"JLqJ4b ChMk0b\" data-language-for-alternatives=\"es\" data-language-to-translate-into=\"en\" data-phrase-index=\"1\">Al realizar auditor\u00edas de SEO con regularidad, puede asegurarse de que todos los aspectos de su sitio web que afectan al SEO, funcionan seg\u00fan lo previsto y de que su sitio web puede seguir generando tr\u00e1fico eficientemente.<\/span><\/span><\/p>\n<p>El servicio de auditoria web realizado por CognosWeb, totalmente externo, tal como lo ver\u00eda Google te dar\u00e1 un informe pormenorizado del estado real de tu web a un bajo costo.<\/p>\n<p>Para cualquier informaci\u00f3n cont\u00e1ctanos para brindarle nuestra asesor\u00eda en \u00a0nuestros tel\u00e9fonos,\u00a0 llenando nuestro <a href=\"https:\/\/cognosweb.com\/cognoswp\/contactanos\/\"><strong>formulario de Contacto<\/strong><\/a> o de solicitud de una <a href=\"https:\/\/cognosweb.com\/cognoswp\/quiero-cotizar\/\"><strong>cotizaci\u00f3n<\/strong><\/a>.<\/p>\n<p>Nuestro portal, \u00a0<a href=\"https:\/\/auladelconocimiento.com\" target=\"_blank\" rel=\"noreferrer noopener\">https:\/\/auladelconocimiento.com<\/a>, te permite ver como las soluciones propuestas se hacen realidad.<\/p>\n<p>Para cualquier informaci\u00f3n cont\u00e1ctanos para brindarle nuestra asesor\u00eda en \u00a0nuestros tel\u00e9fonos,\u00a0 llenando nuestro <a href=\"https:\/\/cognosweb.com\/cognoswp\/contactanos\/\"><strong>formulario de Contacto<\/strong><\/a> o de solicitud de una <a href=\"https:\/\/cognosweb.com\/cognoswp\/quiero-cotizar\/\"><strong>cotizaci\u00f3n<\/strong><\/a>.<\/p>\n<p>\u00a0<\/p>\n\n\n\n<p><\/p>\n","protected":false},"excerpt":{"rendered":"<p>Auditoria web La Auditoria web &#8211;\u00a0 Cuantas veces te has preguntado si realmente tu p\u00e1gina web esta visible en internet, y si los buscadores la reconocen, y la posicionan adecuadamente como quieres? Es posible que hasta haya sido \u00abpenalizada\u00bb por &hellip; <a href=\"https:\/\/cognosweb.com\/cognoswp\/auditoria-web\/\">Continuar<\/a><\/p>\n","protected":false},"author":1,"featured_media":0,"parent":0,"menu_order":0,"comment_status":"closed","ping_status":"closed","template":"","meta":{"_acf_changed":false,"kt_blocks_editor_width":"","footnotes":""},"class_list":["post-2003","page","type-page","status-publish","hentry"],"acf":[],"_links":{"self":[{"href":"https:\/\/cognosweb.com\/cognoswp\/wp-json\/wp\/v2\/pages\/2003","targetHints":{"allow":["GET"]}}],"collection":[{"href":"https:\/\/cognosweb.com\/cognoswp\/wp-json\/wp\/v2\/pages"}],"about":[{"href":"https:\/\/cognosweb.com\/cognoswp\/wp-json\/wp\/v2\/types\/page"}],"author":[{"embeddable":true,"href":"https:\/\/cognosweb.com\/cognoswp\/wp-json\/wp\/v2\/users\/1"}],"replies":[{"embeddable":true,"href":"https:\/\/cognosweb.com\/cognoswp\/wp-json\/wp\/v2\/comments?post=2003"}],"version-history":[{"count":0,"href":"https:\/\/cognosweb.com\/cognoswp\/wp-json\/wp\/v2\/pages\/2003\/revisions"}],"wp:attachment":[{"href":"https:\/\/cognosweb.com\/cognoswp\/wp-json\/wp\/v2\/media?parent=2003"}],"curies":[{"name":"wp","href":"https:\/\/api.w.org\/{rel}","templated":true}]}}