{"id":2023,"date":"2020-11-26T02:52:52","date_gmt":"2020-11-26T02:52:52","guid":{"rendered":"https:\/\/cognosweb.com\/cognoswp\/?page_id=2023"},"modified":"2020-11-26T04:02:47","modified_gmt":"2020-11-26T04:02:47","slug":"rediseno-web-la-solucion","status":"publish","type":"page","link":"https:\/\/cognosweb.com\/cognoswp\/rediseno-web-la-solucion\/","title":{"rendered":"Redise\u00f1o Web La soluci\u00f3n"},"content":{"rendered":"\n<p><span style=\"color: #ffffff; font-size: 8pt;\">Redise\u00f1o Web La soluci\u00f3n<\/span><\/p>\n\n\n\n<h2><span style=\"font-size: 8pt; color: #ffffff;\">Redise\u00f1o Web La soluci\u00f3n<\/span><\/h2>\n\n\n\n<p>\u00a0<\/p>\n<p><img loading=\"lazy\" decoding=\"async\" class=\"alignnone  wp-image-2030 aligncenter\" src=\"https:\/\/cognosweb.com\/cognoswp\/wp-content\/uploads\/2020\/11\/reconstruccion.jpg\" alt=\"Redise\u00f1o Web La soluci\u00f3n\" width=\"194\" height=\"117\" title=\"\"><\/p>\n<p>Si no te encuentras conforme con tu p\u00e1gina web ya sea por dise\u00f1o o por que no cumple tus expectativas y con lo que esperabas de ella, CognosWeb te brinda la posibilidad de utilizar tu dominio o hosting existente, al igual que tu informaci\u00f3n para redise\u00f1ar tu p\u00e1gina de acuerdo con las \u00faltimas t\u00e9cnicas de dise\u00f1o gr\u00e1fico y con las nuevas t\u00e9cnicas SEO de posicionamiento que te permitir\u00e1n ser consideradas por los buscadores.<\/p>\n<p>Recuerda que no solo la est\u00e9tica de tu pagina es importante, el buen desempe\u00f1o y posicionamiento es el que te ayudar\u00e1 a conseguir lo que buscas, \u00abnada ganas con un hermoso autom\u00f3vil en tu garaje\u00bb.<\/p>\n<p>Nuestro servicio, incluye la realizaci\u00f3n del servicio de <a href=\"https:\/\/cognosweb.com\/cognoswp\/auditoria-web\/\">auditoria web<\/a>,\u00a0 para determinar las condiciones actuales de su sitio actual y determinar sis e requiere una reconstrucci\u00f3n total o parcial y que elementos de su p\u00e1gina se pueden reutilizar en el nuevo dise\u00f1o.<\/p>\n<p>Con la realizaci\u00f3n previa y posterior de esta auditor\u00eda, le entregamos una soluci\u00f3n \u00f3ptima con un informe SEO del estado final de la soluci\u00f3n, los gr\u00e1ficos de optimizaci\u00f3n que garantizar el rendimiento de su pagina y el cumplimiento de las condiciones establecidas en el acuerdo pactado.<\/p>\n<p>Para ello aplicamos t\u00e9cnicas de optimizaci\u00f3n, y\u00a0 las \u00faltimas herramientas para creaci\u00f3n de contenidos \u00f3ptimos para su posicionamiento web (SEO).<\/p>\n<p>un reporte similar a este deber\u00eda esperar luego de que su soluci\u00f3n sea realizada:<\/p>\n<p><img loading=\"lazy\" decoding=\"async\" class=\"wp-image-2043 aligncenter\" src=\"https:\/\/cognosweb.com\/cognoswp\/wp-content\/uploads\/2020\/11\/performace-web-300x153.png\" alt=\"performance web\" width=\"377\" height=\"192\" title=\"\" srcset=\"https:\/\/cognosweb.com\/cognoswp\/wp-content\/uploads\/2020\/11\/performace-web-300x153.png 300w, https:\/\/cognosweb.com\/cognoswp\/wp-content\/uploads\/2020\/11\/performace-web-768x393.png 768w, https:\/\/cognosweb.com\/cognoswp\/wp-content\/uploads\/2020\/11\/performace-web.png 976w\" sizes=\"auto, (max-width: 377px) 100vw, 377px\" \/><img loading=\"lazy\" decoding=\"async\" class=\"wp-image-2049 aligncenter\" src=\"https:\/\/cognosweb.com\/cognoswp\/wp-content\/uploads\/2020\/11\/reporte-web3-300x140.png\" alt=\"reporte web\" width=\"367\" height=\"171\" title=\"\" srcset=\"https:\/\/cognosweb.com\/cognoswp\/wp-content\/uploads\/2020\/11\/reporte-web3-300x140.png 300w, https:\/\/cognosweb.com\/cognoswp\/wp-content\/uploads\/2020\/11\/reporte-web3-1024x476.png 1024w, https:\/\/cognosweb.com\/cognoswp\/wp-content\/uploads\/2020\/11\/reporte-web3-768x357.png 768w, https:\/\/cognosweb.com\/cognoswp\/wp-content\/uploads\/2020\/11\/reporte-web3.png 1032w\" sizes=\"auto, (max-width: 367px) 100vw, 367px\" \/><\/p>\n<p>Para cualquier informaci\u00f3n cont\u00e1ctanos para brindarle nuestra asesor\u00eda en \u00a0nuestros tel\u00e9fonos,\u00a0 llenando nuestro <a href=\"https:\/\/cognosweb.com\/cognoswp\/contactanos\/\"><strong>formulario de Contacto<\/strong><\/a> o de solicitud de una <a href=\"https:\/\/cognosweb.com\/cognoswp\/quiero-cotizar\/\"><strong>cotizaci\u00f3n<\/strong><\/a>.<\/p>\n<p>Nuestro portal, \u00a0<a href=\"https:\/\/auladelconocimiento.com\" target=\"_blank\" rel=\"noreferrer noopener\">https:\/\/auladelconocimiento.com<\/a>, te permite ver como las soluciones propuestas se hacen realidad.<\/p>\n<p>Para cualquier informaci\u00f3n cont\u00e1ctanos para brindarle nuestra asesor\u00eda en \u00a0nuestros tel\u00e9fonos,\u00a0 llenando nuestro <a href=\"https:\/\/cognosweb.com\/cognoswp\/contactanos\/\"><strong>formulario de Contacto<\/strong><\/a> o de solicitud de una <a href=\"https:\/\/cognosweb.com\/cognoswp\/quiero-cotizar\/\"><strong>cotizaci\u00f3n<\/strong><\/a>.<\/p>\n<p>\u00a0<\/p>\n\n\n\n<p><\/p>\n","protected":false},"excerpt":{"rendered":"<p>Redise\u00f1o Web La soluci\u00f3n Redise\u00f1o Web La soluci\u00f3n \u00a0 Si no te encuentras conforme con tu p\u00e1gina web ya sea por dise\u00f1o o por que no cumple tus expectativas y con lo que esperabas de ella, CognosWeb te brinda la &hellip; <a href=\"https:\/\/cognosweb.com\/cognoswp\/rediseno-web-la-solucion\/\">Continuar<\/a><\/p>\n","protected":false},"author":1,"featured_media":0,"parent":0,"menu_order":0,"comment_status":"closed","ping_status":"closed","template":"","meta":{"_acf_changed":false,"kt_blocks_editor_width":"","footnotes":""},"class_list":["post-2023","page","type-page","status-publish","hentry"],"acf":[],"_links":{"self":[{"href":"https:\/\/cognosweb.com\/cognoswp\/wp-json\/wp\/v2\/pages\/2023","targetHints":{"allow":["GET"]}}],"collection":[{"href":"https:\/\/cognosweb.com\/cognoswp\/wp-json\/wp\/v2\/pages"}],"about":[{"href":"https:\/\/cognosweb.com\/cognoswp\/wp-json\/wp\/v2\/types\/page"}],"author":[{"embeddable":true,"href":"https:\/\/cognosweb.com\/cognoswp\/wp-json\/wp\/v2\/users\/1"}],"replies":[{"embeddable":true,"href":"https:\/\/cognosweb.com\/cognoswp\/wp-json\/wp\/v2\/comments?post=2023"}],"version-history":[{"count":0,"href":"https:\/\/cognosweb.com\/cognoswp\/wp-json\/wp\/v2\/pages\/2023\/revisions"}],"wp:attachment":[{"href":"https:\/\/cognosweb.com\/cognoswp\/wp-json\/wp\/v2\/media?parent=2023"}],"curies":[{"name":"wp","href":"https:\/\/api.w.org\/{rel}","templated":true}]}}