{"id":882,"date":"2020-05-14T23:10:46","date_gmt":"2020-05-14T23:10:46","guid":{"rendered":"https:\/\/cognosweb.com\/cognoswp\/?page_id=882"},"modified":"2020-11-26T04:07:43","modified_gmt":"2020-11-26T04:07:43","slug":"diseno-web","status":"publish","type":"page","link":"https:\/\/cognosweb.com\/cognoswp\/diseno-web\/","title":{"rendered":"Dise\u00f1o Web"},"content":{"rendered":"<style>.wp-block-kadence-advancedgallery.kb-gallery-wrap-id-_5331ca-60{overflow:hidden;}.kb-gallery-type-carousel.kb-gallery-id-_5331ca-60 .kt-blocks-carousel .kt-blocks-carousel-init{margin:0 -5px;}.kb-gallery-type-carousel.kb-gallery-id-_5331ca-60 .kt-blocks-carousel .kt-blocks-carousel-init .kb-slide-item{padding:4px 5px;}.kb-gallery-type-carousel.kb-gallery-id-_5331ca-60 .kt-blocks-carousel .kt-blocks-carousel-init .slick-prev{left:5px;}.kb-gallery-type-carousel.kb-gallery-id-_5331ca-60 .kt-blocks-carousel .kt-blocks-carousel-init .slick-next{right:5px;}.kb-gallery-id-_5331ca-60 .kadence-blocks-gallery-item .kb-gal-image-radius, .kb-gallery-id-_5331ca-60 .kb-slide-item .kb-gal-image-radius img{border-radius:0px 0px 0px 0px;;}<\/style>\n<div class=\"wp-block-kadence-advancedgallery kb-gallery-wrap-id-_5331ca-60\"><div class=\"kb-gallery-ul kb-gallery-type-carousel kb-gallery-id-_5331ca-60 kb-gallery-caption-style-bottom-hover kb-gallery-filter-none\" data-image-filter=\"none\" data-lightbox-caption=\"true\"><div class=\"kt-blocks-carousel kt-carousel-container-dotstyle-dark\"><div class=\"kt-blocks-carousel-init kb-gallery-carousel kt-carousel-arrowstyle-whiteondark kt-carousel-dotstyle-dark\" data-columns-xxl=\"3\" data-columns-xl=\"3\" data-columns-md=\"3\" data-columns-sm=\"2\" data-columns-xs=\"1\" data-columns-ss=\"1\" data-slider-anim-speed=\"400\" data-slider-scroll=\"1\" data-slider-arrows=\"true\" data-slider-dots=\"true\" data-slider-hover-pause=\"false\" data-slider-auto=\"false\" data-slider-speed=\"7000\"><div class=\"kb-slide-item kb-gallery-carousel-item\"><div class=\"kadence-blocks-gallery-item\"><div class=\"kadence-blocks-gallery-item-inner\"><figure class=\"kb-gallery-figure kadence-blocks-gallery-item-hide-caption kb-has-image-ratio-land32\"><div class=\"kb-gal-image-radius\"><div class=\"kb-gallery-image-contain kadence-blocks-gallery-intrinsic kb-gallery-image-ratio-land32\"><img loading=\"lazy\" decoding=\"async\" src=\"https:\/\/cognosweb.com\/cognoswp\/wp-content\/uploads\/2020\/06\/1-3-1024x394.png\" width=\"1024\" height=\"394\" alt=\"\" data-full-image=\"https:\/\/cognosweb.com\/cognoswp\/wp-content\/uploads\/2020\/06\/1-3.png\" data-light-image=\"https:\/\/cognosweb.com\/cognoswp\/wp-content\/uploads\/2020\/06\/1-3.png\" data-id=\"1540\" data-link=\"https:\/\/cognosweb.com\/cognoswp\/diseno-web\/1-3-2\/\" class=\"wp-image-1540 skip-lazy\" title=\"\" srcset=\"https:\/\/cognosweb.com\/cognoswp\/wp-content\/uploads\/2020\/06\/1-3-1024x394.png 1024w, https:\/\/cognosweb.com\/cognoswp\/wp-content\/uploads\/2020\/06\/1-3-300x115.png 300w, https:\/\/cognosweb.com\/cognoswp\/wp-content\/uploads\/2020\/06\/1-3-768x295.png 768w, https:\/\/cognosweb.com\/cognoswp\/wp-content\/uploads\/2020\/06\/1-3-600x231.png 600w, https:\/\/cognosweb.com\/cognoswp\/wp-content\/uploads\/2020\/06\/1-3.png 1170w\" sizes=\"auto, (max-width: 1024px) 100vw, 1024px\" \/><\/div><\/div><\/figure><\/div><\/div><\/div><div class=\"kb-slide-item kb-gallery-carousel-item\"><div class=\"kadence-blocks-gallery-item\"><div class=\"kadence-blocks-gallery-item-inner\"><figure class=\"kb-gallery-figure kadence-blocks-gallery-item-hide-caption kb-has-image-ratio-land32\"><div class=\"kb-gal-image-radius\"><div class=\"kb-gallery-image-contain kadence-blocks-gallery-intrinsic kb-gallery-image-ratio-land32\"><img loading=\"lazy\" decoding=\"async\" src=\"https:\/\/cognosweb.com\/cognoswp\/wp-content\/uploads\/2020\/06\/2-3-1024x394.png\" width=\"1024\" height=\"394\" alt=\"\" data-full-image=\"https:\/\/cognosweb.com\/cognoswp\/wp-content\/uploads\/2020\/06\/2-3.png\" data-light-image=\"https:\/\/cognosweb.com\/cognoswp\/wp-content\/uploads\/2020\/06\/2-3.png\" data-id=\"1541\" data-link=\"https:\/\/cognosweb.com\/cognoswp\/diseno-web\/2-3-2\/\" class=\"wp-image-1541 skip-lazy\" title=\"\" srcset=\"https:\/\/cognosweb.com\/cognoswp\/wp-content\/uploads\/2020\/06\/2-3-1024x394.png 1024w, https:\/\/cognosweb.com\/cognoswp\/wp-content\/uploads\/2020\/06\/2-3-300x115.png 300w, https:\/\/cognosweb.com\/cognoswp\/wp-content\/uploads\/2020\/06\/2-3-768x295.png 768w, https:\/\/cognosweb.com\/cognoswp\/wp-content\/uploads\/2020\/06\/2-3-600x231.png 600w, https:\/\/cognosweb.com\/cognoswp\/wp-content\/uploads\/2020\/06\/2-3.png 1170w\" sizes=\"auto, (max-width: 1024px) 100vw, 1024px\" \/><\/div><\/div><\/figure><\/div><\/div><\/div><div class=\"kb-slide-item kb-gallery-carousel-item\"><div class=\"kadence-blocks-gallery-item\"><div class=\"kadence-blocks-gallery-item-inner\"><figure class=\"kb-gallery-figure kadence-blocks-gallery-item-hide-caption kb-has-image-ratio-land32\"><div class=\"kb-gal-image-radius\"><div class=\"kb-gallery-image-contain kadence-blocks-gallery-intrinsic kb-gallery-image-ratio-land32\"><img loading=\"lazy\" decoding=\"async\" src=\"https:\/\/cognosweb.com\/cognoswp\/wp-content\/uploads\/2020\/06\/3-3-1024x394.png\" width=\"1024\" height=\"394\" alt=\"\" data-full-image=\"https:\/\/cognosweb.com\/cognoswp\/wp-content\/uploads\/2020\/06\/3-3.png\" data-light-image=\"https:\/\/cognosweb.com\/cognoswp\/wp-content\/uploads\/2020\/06\/3-3.png\" data-id=\"1542\" data-link=\"https:\/\/cognosweb.com\/cognoswp\/diseno-web\/3-3-2\/\" class=\"wp-image-1542 skip-lazy\" title=\"\" srcset=\"https:\/\/cognosweb.com\/cognoswp\/wp-content\/uploads\/2020\/06\/3-3-1024x394.png 1024w, https:\/\/cognosweb.com\/cognoswp\/wp-content\/uploads\/2020\/06\/3-3-300x115.png 300w, https:\/\/cognosweb.com\/cognoswp\/wp-content\/uploads\/2020\/06\/3-3-768x295.png 768w, https:\/\/cognosweb.com\/cognoswp\/wp-content\/uploads\/2020\/06\/3-3-600x231.png 600w, https:\/\/cognosweb.com\/cognoswp\/wp-content\/uploads\/2020\/06\/3-3.png 1170w\" sizes=\"auto, (max-width: 1024px) 100vw, 1024px\" \/><\/div><\/div><\/figure><\/div><\/div><\/div><div class=\"kb-slide-item kb-gallery-carousel-item\"><div class=\"kadence-blocks-gallery-item\"><div class=\"kadence-blocks-gallery-item-inner\"><figure class=\"kb-gallery-figure kadence-blocks-gallery-item-hide-caption kb-has-image-ratio-land32\"><div class=\"kb-gal-image-radius\"><div class=\"kb-gallery-image-contain kadence-blocks-gallery-intrinsic kb-gallery-image-ratio-land32\"><img loading=\"lazy\" decoding=\"async\" src=\"https:\/\/cognosweb.com\/cognoswp\/wp-content\/uploads\/2020\/06\/4-3-1024x394.png\" width=\"1024\" height=\"394\" alt=\"\" data-full-image=\"https:\/\/cognosweb.com\/cognoswp\/wp-content\/uploads\/2020\/06\/4-3.png\" data-light-image=\"https:\/\/cognosweb.com\/cognoswp\/wp-content\/uploads\/2020\/06\/4-3.png\" data-id=\"1543\" data-link=\"https:\/\/cognosweb.com\/cognoswp\/diseno-web\/4-3-2\/\" class=\"wp-image-1543 skip-lazy\" title=\"\" srcset=\"https:\/\/cognosweb.com\/cognoswp\/wp-content\/uploads\/2020\/06\/4-3-1024x394.png 1024w, https:\/\/cognosweb.com\/cognoswp\/wp-content\/uploads\/2020\/06\/4-3-300x115.png 300w, https:\/\/cognosweb.com\/cognoswp\/wp-content\/uploads\/2020\/06\/4-3-768x295.png 768w, https:\/\/cognosweb.com\/cognoswp\/wp-content\/uploads\/2020\/06\/4-3-600x231.png 600w, https:\/\/cognosweb.com\/cognoswp\/wp-content\/uploads\/2020\/06\/4-3.png 1170w\" sizes=\"auto, (max-width: 1024px) 100vw, 1024px\" \/><\/div><\/div><\/figure><\/div><\/div><\/div><div class=\"kb-slide-item kb-gallery-carousel-item\"><div class=\"kadence-blocks-gallery-item\"><div class=\"kadence-blocks-gallery-item-inner\"><figure class=\"kb-gallery-figure kadence-blocks-gallery-item-hide-caption kb-has-image-ratio-land32\"><div class=\"kb-gal-image-radius\"><div class=\"kb-gallery-image-contain kadence-blocks-gallery-intrinsic kb-gallery-image-ratio-land32\"><img loading=\"lazy\" decoding=\"async\" src=\"https:\/\/cognosweb.com\/cognoswp\/wp-content\/uploads\/2020\/06\/5-3-1024x394.png\" width=\"1024\" height=\"394\" alt=\"\" data-full-image=\"https:\/\/cognosweb.com\/cognoswp\/wp-content\/uploads\/2020\/06\/5-3.png\" data-light-image=\"https:\/\/cognosweb.com\/cognoswp\/wp-content\/uploads\/2020\/06\/5-3.png\" data-id=\"1544\" data-link=\"https:\/\/cognosweb.com\/cognoswp\/diseno-web\/5-3-2\/\" class=\"wp-image-1544 skip-lazy\" title=\"\" srcset=\"https:\/\/cognosweb.com\/cognoswp\/wp-content\/uploads\/2020\/06\/5-3-1024x394.png 1024w, https:\/\/cognosweb.com\/cognoswp\/wp-content\/uploads\/2020\/06\/5-3-300x115.png 300w, https:\/\/cognosweb.com\/cognoswp\/wp-content\/uploads\/2020\/06\/5-3-768x295.png 768w, https:\/\/cognosweb.com\/cognoswp\/wp-content\/uploads\/2020\/06\/5-3-600x231.png 600w, https:\/\/cognosweb.com\/cognoswp\/wp-content\/uploads\/2020\/06\/5-3.png 1170w\" sizes=\"auto, (max-width: 1024px) 100vw, 1024px\" \/><\/div><\/div><\/figure><\/div><\/div><\/div><div class=\"kb-slide-item kb-gallery-carousel-item\"><div class=\"kadence-blocks-gallery-item\"><div class=\"kadence-blocks-gallery-item-inner\"><figure class=\"kb-gallery-figure kadence-blocks-gallery-item-hide-caption kb-has-image-ratio-land32\"><div class=\"kb-gal-image-radius\"><div class=\"kb-gallery-image-contain kadence-blocks-gallery-intrinsic kb-gallery-image-ratio-land32\"><img loading=\"lazy\" decoding=\"async\" src=\"https:\/\/cognosweb.com\/cognoswp\/wp-content\/uploads\/2020\/06\/6-2-1024x394.png\" width=\"1024\" height=\"394\" alt=\"\" data-full-image=\"https:\/\/cognosweb.com\/cognoswp\/wp-content\/uploads\/2020\/06\/6-2.png\" data-light-image=\"https:\/\/cognosweb.com\/cognoswp\/wp-content\/uploads\/2020\/06\/6-2.png\" data-id=\"1545\" data-link=\"https:\/\/cognosweb.com\/cognoswp\/diseno-web\/6-2-2\/\" class=\"wp-image-1545 skip-lazy\" title=\"\" srcset=\"https:\/\/cognosweb.com\/cognoswp\/wp-content\/uploads\/2020\/06\/6-2-1024x394.png 1024w, https:\/\/cognosweb.com\/cognoswp\/wp-content\/uploads\/2020\/06\/6-2-300x115.png 300w, https:\/\/cognosweb.com\/cognoswp\/wp-content\/uploads\/2020\/06\/6-2-768x295.png 768w, https:\/\/cognosweb.com\/cognoswp\/wp-content\/uploads\/2020\/06\/6-2-600x231.png 600w, https:\/\/cognosweb.com\/cognoswp\/wp-content\/uploads\/2020\/06\/6-2.png 1170w\" sizes=\"auto, (max-width: 1024px) 100vw, 1024px\" \/><\/div><\/div><\/figure><\/div><\/div><\/div><div class=\"kb-slide-item kb-gallery-carousel-item\"><div class=\"kadence-blocks-gallery-item\"><div class=\"kadence-blocks-gallery-item-inner\"><figure class=\"kb-gallery-figure kadence-blocks-gallery-item-hide-caption kb-has-image-ratio-land32\"><div class=\"kb-gal-image-radius\"><div class=\"kb-gallery-image-contain kadence-blocks-gallery-intrinsic kb-gallery-image-ratio-land32\"><img loading=\"lazy\" decoding=\"async\" src=\"https:\/\/cognosweb.com\/cognoswp\/wp-content\/uploads\/2020\/06\/7-1024x394.png\" width=\"1024\" height=\"394\" alt=\"\" data-full-image=\"https:\/\/cognosweb.com\/cognoswp\/wp-content\/uploads\/2020\/06\/7.png\" data-light-image=\"https:\/\/cognosweb.com\/cognoswp\/wp-content\/uploads\/2020\/06\/7.png\" data-id=\"1546\" data-link=\"https:\/\/cognosweb.com\/cognoswp\/diseno-web\/7-2\/\" class=\"wp-image-1546 skip-lazy\" title=\"\" srcset=\"https:\/\/cognosweb.com\/cognoswp\/wp-content\/uploads\/2020\/06\/7-1024x394.png 1024w, https:\/\/cognosweb.com\/cognoswp\/wp-content\/uploads\/2020\/06\/7-300x115.png 300w, https:\/\/cognosweb.com\/cognoswp\/wp-content\/uploads\/2020\/06\/7-768x295.png 768w, https:\/\/cognosweb.com\/cognoswp\/wp-content\/uploads\/2020\/06\/7-600x231.png 600w, https:\/\/cognosweb.com\/cognoswp\/wp-content\/uploads\/2020\/06\/7.png 1170w\" sizes=\"auto, (max-width: 1024px) 100vw, 1024px\" \/><\/div><\/div><\/figure><\/div><\/div><\/div><\/div><\/div><\/div><\/div>\n\n\n\n<h2><span style=\"color: #ffffff; font-size: xx-small;\">Dise\u00f1o Web<\/span><\/h2>\n<p><span style=\"color: #000000;\"><span style=\"font-size: medium;\">CognosWeb, te brinda una amplia gama de soluciones en Dise\u00f1o Web, para que puedas escoger la soluci\u00f3n que mejor se adapte a tus necesidades y presupuesto.<\/span><br \/><\/span><\/p>\n<p>Para ello te brindamos la posibilidad de escoger entre m\u00faltiples opciones buscando siempre el objetivo de lograr las metas que te hayas propuesto.<\/p>\n<p>Aunque es dif\u00edcil, incluir todas la opciones disponibles hemos resumido algunas de ellas en los art\u00edculos disponibles en esta p\u00e1gina , pero tambi\u00e9n podemos ajustarnos para que como en un men\u00fa a la carta puedas disponer de las diferentes opciones.<\/p>\n<p>Como recomendaci\u00f3n y si el presupuesto as\u00ed lo permite podemos incluir entre otros:<\/p>\n<ul>\n<li>Hosting ajustado y eficiente a tus requerimientos.<\/li>\n<li>Escogencia de un dominio adecuado para el mejor posicionamiento web.<\/li>\n<li>Dise\u00f1o ajustado a tus necesidades, con m\u00faltiples opciones<\/li>\n<li>Dise\u00f1o en varios idiomas.<\/li>\n<li>Dise\u00f1o en total adecuaci\u00f3n al SEO \u00f3ptimo en cada secci\u00f3n, art\u00edculo, y componentes de tu p\u00e1gina para su perfecta visibilidad en el web y sus buscadores.<\/li>\n<li>Dise\u00f1o\u00a0 optimo y comprobable de la velocidad de la pagina<\/li>\n<li>Dise\u00f1o con servicio de tienda virtual y pasarelas de pago por internet.<\/li>\n<\/ul>\n<p>Tambi\u00e9n te brindamos servicios de <a href=\"https:\/\/cognosweb.com\/cognoswp\/rediseno-web-la-solucion\/\">redise\u00f1o web<\/a> en caso de que no te encuentres conforme con tu soluci\u00f3n actual y el servicio de<a href=\"https:\/\/cognosweb.com\/cognoswp\/auditoria-web\/\"> auditor\u00eda web<\/a> por si quieres verificar el estado de ella.<\/p>\n<p>Si deseas conocer algunos de nuestros servicios\u00a0 por favor ingresa al siguiente enlace: <a href=\"https:\/\/cognosweb.com\/cognoswp\/capacitacion-virtual\/\">https:\/\/cognosweb.com\/cognoswp\/capacitacion-virtual<\/a>\u00a0 para todo lo referente a la capacitaci\u00f3n virtual y todas las posibilidades.<\/p>\n<p>Si deseas conocer nuestro portal educativo, usa el siguiente enlace: <a href=\"https:\/\/auladelconocimiento.com\" target=\"_blank\" rel=\"noopener\">https:\/\/auladelconocimiento.com<\/a><\/p>\n<p>Si deseas conocer nuestras soluciones en comercio electr\u00f3nico y tiendas virtuales por favor utiliza el siguiente enlace: <a href=\"https:\/\/cognosweb.com\/cognoswp\/tiendas-virtuales\/\">https:\/\/cognosweb.com\/cognoswp\/tiendas-virtuales\/<\/a><\/p>\n<p>Si deseas una cotizaci\u00f3n ajustada a tus necesidades por favor utiliza el siguiente enlace: <a href=\"https:\/\/cognosweb.com\/cognoswp\/quiero-cotizar\/\">https:\/\/cognosweb.com\/cognoswp\/quiero-cotizar\/<\/a><\/p>\n<p><img loading=\"lazy\" decoding=\"async\" class=\"alignnone  wp-image-1249\" src=\"https:\/\/cognosweb.com\/cognoswp\/wp-content\/uploads\/2020\/05\/14-300x115.png\" alt=\"Dise\u00f1o Web\" width=\"5\" height=\"2\" title=\"\" srcset=\"https:\/\/cognosweb.com\/cognoswp\/wp-content\/uploads\/2020\/05\/14-300x115.png 300w, https:\/\/cognosweb.com\/cognoswp\/wp-content\/uploads\/2020\/05\/14-1024x394.png 1024w, https:\/\/cognosweb.com\/cognoswp\/wp-content\/uploads\/2020\/05\/14-768x295.png 768w, https:\/\/cognosweb.com\/cognoswp\/wp-content\/uploads\/2020\/05\/14-80x50.png 80w, https:\/\/cognosweb.com\/cognoswp\/wp-content\/uploads\/2020\/05\/14-600x231.png 600w, https:\/\/cognosweb.com\/cognoswp\/wp-content\/uploads\/2020\/05\/14.png 1170w\" sizes=\"auto, (max-width: 5px) 100vw, 5px\" \/><\/p>\n<p>\u00a0<\/p>\n<div class=\"row\">\n<div class=\"main col-lg-9 col-md-8\" role=\"main\">\n<div class=\"entry-content\">\n<h3>\u00a0<\/h3>\n<h3>\u00a0<\/h3>\n<h3>\u00a0<\/h3>\n<\/div>\n<\/div>\n<aside class=\"col-lg-3 col-md-4 kad-sidebar\" role=\"complementary\">\n<div class=\"sidebar\">\n<div class=\"row\">\n<div class=\"main col-lg-9 col-md-8\" role=\"main\">\n<div class=\"entry-content\">\n<h3>\u00a0<\/h3>\n<\/div>\n<\/div>\n<\/div>\n<\/div>\n<\/aside>\n<\/div>\n\n\n\n<p><\/p>\n","protected":false},"excerpt":{"rendered":"<p>Dise\u00f1o Web CognosWeb, te brinda una amplia gama de soluciones en Dise\u00f1o Web, para que puedas escoger la soluci\u00f3n que mejor se adapte a tus necesidades y presupuesto. Para ello te brindamos la posibilidad de escoger entre m\u00faltiples opciones buscando &hellip; <a href=\"https:\/\/cognosweb.com\/cognoswp\/diseno-web\/\">Continuar<\/a><\/p>\n","protected":false},"author":1,"featured_media":0,"parent":0,"menu_order":0,"comment_status":"closed","ping_status":"closed","template":"","meta":{"_acf_changed":false,"kt_blocks_editor_width":"","footnotes":""},"class_list":["post-882","page","type-page","status-publish","hentry"],"acf":[],"_links":{"self":[{"href":"https:\/\/cognosweb.com\/cognoswp\/wp-json\/wp\/v2\/pages\/882","targetHints":{"allow":["GET"]}}],"collection":[{"href":"https:\/\/cognosweb.com\/cognoswp\/wp-json\/wp\/v2\/pages"}],"about":[{"href":"https:\/\/cognosweb.com\/cognoswp\/wp-json\/wp\/v2\/types\/page"}],"author":[{"embeddable":true,"href":"https:\/\/cognosweb.com\/cognoswp\/wp-json\/wp\/v2\/users\/1"}],"replies":[{"embeddable":true,"href":"https:\/\/cognosweb.com\/cognoswp\/wp-json\/wp\/v2\/comments?post=882"}],"version-history":[{"count":0,"href":"https:\/\/cognosweb.com\/cognoswp\/wp-json\/wp\/v2\/pages\/882\/revisions"}],"wp:attachment":[{"href":"https:\/\/cognosweb.com\/cognoswp\/wp-json\/wp\/v2\/media?parent=882"}],"curies":[{"name":"wp","href":"https:\/\/api.w.org\/{rel}","templated":true}]}}