{"id":891,"date":"2020-05-14T23:16:11","date_gmt":"2020-05-14T23:16:11","guid":{"rendered":"https:\/\/cognosweb.com\/cognoswp\/?page_id=891"},"modified":"2020-11-04T00:54:19","modified_gmt":"2020-11-04T00:54:19","slug":"asesoria-en-montaje-de-portales-educativos","status":"publish","type":"page","link":"https:\/\/cognosweb.com\/cognoswp\/asesoria-en-montaje-de-portales-educativos\/","title":{"rendered":"Asesor\u00eda en Montaje de portales educativos"},"content":{"rendered":"<style>.wp-block-kadence-advancedgallery.kb-gallery-wrap-id-_88a608-63{overflow:hidden;}.kb-gallery-type-carousel.kb-gallery-id-_88a608-63 .kt-blocks-carousel .kt-blocks-carousel-init{margin:0 -5px;}.kb-gallery-type-carousel.kb-gallery-id-_88a608-63 .kt-blocks-carousel .kt-blocks-carousel-init .kb-slide-item{padding:4px 5px;}.kb-gallery-type-carousel.kb-gallery-id-_88a608-63 .kt-blocks-carousel .kt-blocks-carousel-init .slick-prev{left:5px;}.kb-gallery-type-carousel.kb-gallery-id-_88a608-63 .kt-blocks-carousel .kt-blocks-carousel-init .slick-next{right:5px;}.kb-gallery-id-_88a608-63 .kadence-blocks-gallery-item .kb-gal-image-radius, .kb-gallery-id-_88a608-63 .kb-slide-item .kb-gal-image-radius img{border-radius:0px 0px 0px 0px;;}<\/style>\n<div class=\"wp-block-kadence-advancedgallery kb-gallery-wrap-id-_88a608-63\"><div class=\"kb-gallery-ul kb-gallery-type-carousel kb-gallery-id-_88a608-63 kb-gallery-caption-style-bottom-hover kb-gallery-filter-none\" data-image-filter=\"none\" data-lightbox-caption=\"true\"><div class=\"kt-blocks-carousel kt-carousel-container-dotstyle-dark\"><div class=\"kt-blocks-carousel-init kb-gallery-carousel kt-carousel-arrowstyle-whiteondark kt-carousel-dotstyle-dark\" data-columns-xxl=\"3\" data-columns-xl=\"3\" data-columns-md=\"3\" data-columns-sm=\"2\" data-columns-xs=\"1\" data-columns-ss=\"1\" data-slider-anim-speed=\"400\" data-slider-scroll=\"1\" data-slider-arrows=\"true\" data-slider-dots=\"true\" data-slider-hover-pause=\"false\" data-slider-auto=\"false\" data-slider-speed=\"7000\"><div class=\"kb-slide-item kb-gallery-carousel-item\"><div class=\"kadence-blocks-gallery-item\"><div class=\"kadence-blocks-gallery-item-inner\"><figure class=\"kb-gallery-figure kadence-blocks-gallery-item-hide-caption kb-has-image-ratio-land32\"><div class=\"kb-gal-image-radius\"><div class=\"kb-gallery-image-contain kadence-blocks-gallery-intrinsic kb-gallery-image-ratio-land32\"><img loading=\"lazy\" decoding=\"async\" src=\"https:\/\/cognosweb.com\/cognoswp\/wp-content\/uploads\/2020\/06\/6-5-1024x394.png\" width=\"1024\" height=\"394\" alt=\"asesor\u00eda portales\" data-full-image=\"https:\/\/cognosweb.com\/cognoswp\/wp-content\/uploads\/2020\/06\/6-5.png\" data-light-image=\"https:\/\/cognosweb.com\/cognoswp\/wp-content\/uploads\/2020\/06\/6-5.png\" data-id=\"1590\" data-link=\"https:\/\/cognosweb.com\/cognoswp\/cursos-especiales\/6-5\/\" class=\"wp-image-1590 skip-lazy\" title=\"\" srcset=\"https:\/\/cognosweb.com\/cognoswp\/wp-content\/uploads\/2020\/06\/6-5-1024x394.png 1024w, https:\/\/cognosweb.com\/cognoswp\/wp-content\/uploads\/2020\/06\/6-5-300x115.png 300w, https:\/\/cognosweb.com\/cognoswp\/wp-content\/uploads\/2020\/06\/6-5-768x295.png 768w, https:\/\/cognosweb.com\/cognoswp\/wp-content\/uploads\/2020\/06\/6-5-600x231.png 600w, https:\/\/cognosweb.com\/cognoswp\/wp-content\/uploads\/2020\/06\/6-5.png 1170w\" sizes=\"auto, (max-width: 1024px) 100vw, 1024px\" \/><\/div><\/div><\/figure><\/div><\/div><\/div><div class=\"kb-slide-item kb-gallery-carousel-item\"><div class=\"kadence-blocks-gallery-item\"><div class=\"kadence-blocks-gallery-item-inner\"><figure class=\"kb-gallery-figure kadence-blocks-gallery-item-hide-caption kb-has-image-ratio-land32\"><div class=\"kb-gal-image-radius\"><div class=\"kb-gallery-image-contain kadence-blocks-gallery-intrinsic kb-gallery-image-ratio-land32\"><img loading=\"lazy\" decoding=\"async\" src=\"https:\/\/cognosweb.com\/cognoswp\/wp-content\/uploads\/2020\/06\/4-6-1024x394.png\" width=\"1024\" height=\"394\" alt=\"portales cognosweb\" data-full-image=\"https:\/\/cognosweb.com\/cognoswp\/wp-content\/uploads\/2020\/06\/4-6.png\" data-light-image=\"https:\/\/cognosweb.com\/cognoswp\/wp-content\/uploads\/2020\/06\/4-6.png\" data-id=\"1588\" data-link=\"https:\/\/cognosweb.com\/cognoswp\/cursos-especiales\/4-6\/\" class=\"wp-image-1588 skip-lazy\" title=\"\" srcset=\"https:\/\/cognosweb.com\/cognoswp\/wp-content\/uploads\/2020\/06\/4-6-1024x394.png 1024w, https:\/\/cognosweb.com\/cognoswp\/wp-content\/uploads\/2020\/06\/4-6-300x115.png 300w, https:\/\/cognosweb.com\/cognoswp\/wp-content\/uploads\/2020\/06\/4-6-768x295.png 768w, https:\/\/cognosweb.com\/cognoswp\/wp-content\/uploads\/2020\/06\/4-6-600x231.png 600w, https:\/\/cognosweb.com\/cognoswp\/wp-content\/uploads\/2020\/06\/4-6.png 1170w\" sizes=\"auto, (max-width: 1024px) 100vw, 1024px\" \/><\/div><\/div><\/figure><\/div><\/div><\/div><div class=\"kb-slide-item kb-gallery-carousel-item\"><div class=\"kadence-blocks-gallery-item\"><div class=\"kadence-blocks-gallery-item-inner\"><figure class=\"kb-gallery-figure kadence-blocks-gallery-item-hide-caption kb-has-image-ratio-land32\"><div class=\"kb-gal-image-radius\"><div class=\"kb-gallery-image-contain kadence-blocks-gallery-intrinsic kb-gallery-image-ratio-land32\"><img loading=\"lazy\" decoding=\"async\" src=\"https:\/\/cognosweb.com\/cognoswp\/wp-content\/uploads\/2020\/05\/3-1-1024x394.png\" width=\"1024\" height=\"394\" alt=\"cognosweb asesor\u00eda montajes\" data-full-image=\"https:\/\/cognosweb.com\/cognoswp\/wp-content\/uploads\/2020\/05\/3-1.png\" data-light-image=\"https:\/\/cognosweb.com\/cognoswp\/wp-content\/uploads\/2020\/05\/3-1.png\" data-id=\"1198\" data-link=\"https:\/\/cognosweb.com\/cognoswp\/3-3\/\" class=\"wp-image-1198 skip-lazy\" title=\"\" srcset=\"https:\/\/cognosweb.com\/cognoswp\/wp-content\/uploads\/2020\/05\/3-1-1024x394.png 1024w, https:\/\/cognosweb.com\/cognoswp\/wp-content\/uploads\/2020\/05\/3-1-300x115.png 300w, https:\/\/cognosweb.com\/cognoswp\/wp-content\/uploads\/2020\/05\/3-1-768x295.png 768w, https:\/\/cognosweb.com\/cognoswp\/wp-content\/uploads\/2020\/05\/3-1-600x231.png 600w, https:\/\/cognosweb.com\/cognoswp\/wp-content\/uploads\/2020\/05\/3-1.png 1170w\" sizes=\"auto, (max-width: 1024px) 100vw, 1024px\" \/><\/div><\/div><\/figure><\/div><\/div><\/div><div class=\"kb-slide-item kb-gallery-carousel-item\"><div class=\"kadence-blocks-gallery-item\"><div class=\"kadence-blocks-gallery-item-inner\"><figure class=\"kb-gallery-figure kadence-blocks-gallery-item-hide-caption kb-has-image-ratio-land32\"><div class=\"kb-gal-image-radius\"><div class=\"kb-gallery-image-contain kadence-blocks-gallery-intrinsic kb-gallery-image-ratio-land32\"><img loading=\"lazy\" decoding=\"async\" src=\"https:\/\/cognosweb.com\/cognoswp\/wp-content\/uploads\/2020\/05\/COGNOS-WEB-PORTADAS-11-1024x394.png\" width=\"1024\" height=\"394\" alt=\"cogosweb asesor\u00eda portales\" data-full-image=\"https:\/\/cognosweb.com\/cognoswp\/wp-content\/uploads\/2020\/05\/COGNOS-WEB-PORTADAS-11.png\" data-light-image=\"https:\/\/cognosweb.com\/cognoswp\/wp-content\/uploads\/2020\/05\/COGNOS-WEB-PORTADAS-11.png\" data-id=\"1016\" data-link=\"https:\/\/cognosweb.com\/cognoswp\/cognos-web-portadas-11\/\" class=\"wp-image-1016 skip-lazy\" title=\"\" srcset=\"https:\/\/cognosweb.com\/cognoswp\/wp-content\/uploads\/2020\/05\/COGNOS-WEB-PORTADAS-11-1024x394.png 1024w, https:\/\/cognosweb.com\/cognoswp\/wp-content\/uploads\/2020\/05\/COGNOS-WEB-PORTADAS-11-600x231.png 600w, https:\/\/cognosweb.com\/cognoswp\/wp-content\/uploads\/2020\/05\/COGNOS-WEB-PORTADAS-11-300x115.png 300w, https:\/\/cognosweb.com\/cognoswp\/wp-content\/uploads\/2020\/05\/COGNOS-WEB-PORTADAS-11-768x295.png 768w, https:\/\/cognosweb.com\/cognoswp\/wp-content\/uploads\/2020\/05\/COGNOS-WEB-PORTADAS-11.png 1170w\" sizes=\"auto, (max-width: 1024px) 100vw, 1024px\" \/><\/div><\/div><\/figure><\/div><\/div><\/div><div class=\"kb-slide-item kb-gallery-carousel-item\"><div class=\"kadence-blocks-gallery-item\"><div class=\"kadence-blocks-gallery-item-inner\"><figure class=\"kb-gallery-figure kadence-blocks-gallery-item-hide-caption kb-has-image-ratio-land32\"><div class=\"kb-gal-image-radius\"><div class=\"kb-gallery-image-contain kadence-blocks-gallery-intrinsic kb-gallery-image-ratio-land32\"><img loading=\"lazy\" decoding=\"async\" src=\"https:\/\/cognosweb.com\/cognoswp\/wp-content\/uploads\/2020\/05\/8-1024x394.png\" width=\"1024\" height=\"394\" alt=\"montajes cognosweb portales\" data-full-image=\"https:\/\/cognosweb.com\/cognoswp\/wp-content\/uploads\/2020\/05\/8.png\" data-light-image=\"https:\/\/cognosweb.com\/cognoswp\/wp-content\/uploads\/2020\/05\/8.png\" data-id=\"1203\" data-link=\"https:\/\/cognosweb.com\/cognoswp\/8\/\" class=\"wp-image-1203 skip-lazy\" title=\"\" srcset=\"https:\/\/cognosweb.com\/cognoswp\/wp-content\/uploads\/2020\/05\/8-1024x394.png 1024w, https:\/\/cognosweb.com\/cognoswp\/wp-content\/uploads\/2020\/05\/8-300x115.png 300w, https:\/\/cognosweb.com\/cognoswp\/wp-content\/uploads\/2020\/05\/8-768x295.png 768w, https:\/\/cognosweb.com\/cognoswp\/wp-content\/uploads\/2020\/05\/8-600x231.png 600w, https:\/\/cognosweb.com\/cognoswp\/wp-content\/uploads\/2020\/05\/8.png 1170w\" sizes=\"auto, (max-width: 1024px) 100vw, 1024px\" \/><\/div><\/div><\/figure><\/div><\/div><\/div><\/div><\/div><\/div><\/div>\n\n\n<h3><strong>Asesor\u00eda en montaje de portales educativos<\/strong><\/h3>\n<p><strong>&nbsp;<\/strong> Nuestros servicios de asesor\u00eda en montaje de portales educativos, consisten en brindarle todo el apoyo t\u00e9cnico para la creaci\u00f3n de una soluci\u00f3n completa de educaci\u00f3n virtual.<\/p>\n<p>El acompa\u00f1amiento para la creaci\u00f3n y puesta en funcionamiento de una Universidad, Colegio virtual o instituto educativo, incluyendo todas las necesidades t\u00e9cnicas y administrativas.<\/p>\n<p>La Asesor\u00eda incluye:<\/p>\n<ul>\n<li>&nbsp;An\u00e1lisis de necesidades y posibilidades<\/li>\n<li>Dise\u00f1o y planificaci\u00f3n<\/li>\n<li>Elaboraci\u00f3n de contenidos did\u00e1cticos y pedag\u00f3gicos<\/li>\n<li>Asesor\u00eda o conversi\u00f3n de cursos presenciales en virtuales<\/li>\n<li>Desarrollo de contenidos interactivos y Multimedia<\/li>\n<li>Adaptaci\u00f3n de la plataforma a la imagen corporativa<\/li>\n<li>Puesta en marcha<\/li>\n<li>Capacitaci\u00f3n de facilitadores<\/li>\n<li>Ejecuci\u00f3n&nbsp; y acompa\u00f1amiento en el proyecto en l\u00ednea<\/li>\n<li>Cursos para editores de contenidos, y administraci\u00f3n de la plataforma.<\/li>\n<li>Outsorcing (tercerizaci\u00f3n) de la soluci\u00f3n en caso de que lo requiera.<\/li>\n<\/ul>\n<p>Nuestros sistemas educativos han tenido que ser re-adaptados a los modelos virtuales debido a la pandemia. Este fen\u00f3meno nos ha obligado&nbsp; ha cambiar los m\u00e9todos de ense\u00f1anza tradicional por modelos m\u00e1s ajustados al ambiente virtual y es por ello que mediante estas soluciones, Cognosweb le brinda la posibilidad de utilizar las \u00faltimas t\u00e9cnicas educativas, pedag\u00f3gicas y de dise\u00f1o instruccional para que los cursos sean exitosos en las plataformas educativas.<\/p>\n<p>Nuestro portal: <a href=\"https:\/\/auladelconocimiento.com\" target=\"_blank\" rel=\"noopener\">https:\/\/auladelconocimiento.com<\/a>, le podr\u00e1 servir de ejemplo a su posible soluci\u00f3n.<\/p>\n<p>Para cualquier informaci\u00f3n cont\u00e1ctanos para brindarle nuestra asesor\u00eda en &nbsp;nuestros tel\u00e9fonos,&nbsp; llenando nuestro <a href=\"https:\/\/cognosweb.com\/cognoswp\/contactanos\/\"><strong>formulario de Contacto<\/strong><\/a> o de solicitud de una <a href=\"https:\/\/cognosweb.com\/cognoswp\/quiero-cotizar\/\"><strong>cotizaci\u00f3n<\/strong><\/a>.<\/p>","protected":false},"excerpt":{"rendered":"<p>Asesor\u00eda en montaje de portales educativos &nbsp; Nuestros servicios de asesor\u00eda en montaje de portales educativos, consisten en brindarle todo el apoyo t\u00e9cnico para la creaci\u00f3n de una soluci\u00f3n completa de educaci\u00f3n virtual. El acompa\u00f1amiento para la creaci\u00f3n y puesta &hellip; <a href=\"https:\/\/cognosweb.com\/cognoswp\/asesoria-en-montaje-de-portales-educativos\/\">Continuar<\/a><\/p>\n","protected":false},"author":1,"featured_media":0,"parent":0,"menu_order":0,"comment_status":"closed","ping_status":"closed","template":"","meta":{"_acf_changed":false,"kt_blocks_editor_width":"","footnotes":""},"class_list":["post-891","page","type-page","status-publish","hentry"],"acf":[],"_links":{"self":[{"href":"https:\/\/cognosweb.com\/cognoswp\/wp-json\/wp\/v2\/pages\/891","targetHints":{"allow":["GET"]}}],"collection":[{"href":"https:\/\/cognosweb.com\/cognoswp\/wp-json\/wp\/v2\/pages"}],"about":[{"href":"https:\/\/cognosweb.com\/cognoswp\/wp-json\/wp\/v2\/types\/page"}],"author":[{"embeddable":true,"href":"https:\/\/cognosweb.com\/cognoswp\/wp-json\/wp\/v2\/users\/1"}],"replies":[{"embeddable":true,"href":"https:\/\/cognosweb.com\/cognoswp\/wp-json\/wp\/v2\/comments?post=891"}],"version-history":[{"count":0,"href":"https:\/\/cognosweb.com\/cognoswp\/wp-json\/wp\/v2\/pages\/891\/revisions"}],"wp:attachment":[{"href":"https:\/\/cognosweb.com\/cognoswp\/wp-json\/wp\/v2\/media?parent=891"}],"curies":[{"name":"wp","href":"https:\/\/api.w.org\/{rel}","templated":true}]}}