{"id":897,"date":"2020-05-14T23:17:52","date_gmt":"2020-05-14T23:17:52","guid":{"rendered":"https:\/\/cognosweb.com\/cognoswp\/?page_id=897"},"modified":"2020-11-27T00:46:59","modified_gmt":"2020-11-27T00:46:59","slug":"cursos-moodle","status":"publish","type":"page","link":"https:\/\/cognosweb.com\/cognoswp\/cursos-moodle\/","title":{"rendered":"Cursos Moodle"},"content":{"rendered":"\n<figure class=\"wp-block-image size-large\"><img decoding=\"async\" src=\"blob:https:\/\/cognosweb.com\/c61c6cce-8745-489a-af14-366436f080f5\" alt=\"\" title=\"\"><\/figure>\n\n\n<style>.wp-block-kadence-advancedgallery.kb-gallery-wrap-id-_86ada8-7c{overflow:hidden;}.kb-gallery-type-carousel.kb-gallery-id-_86ada8-7c .kt-blocks-carousel .kt-blocks-carousel-init{margin:0 -5px;}.kb-gallery-type-carousel.kb-gallery-id-_86ada8-7c .kt-blocks-carousel .kt-blocks-carousel-init .kb-slide-item{padding:4px 5px;}.kb-gallery-type-carousel.kb-gallery-id-_86ada8-7c .kt-blocks-carousel .kt-blocks-carousel-init .slick-prev{left:5px;}.kb-gallery-type-carousel.kb-gallery-id-_86ada8-7c .kt-blocks-carousel .kt-blocks-carousel-init .slick-next{right:5px;}.kb-gallery-id-_86ada8-7c .kadence-blocks-gallery-item .kb-gal-image-radius, .kb-gallery-id-_86ada8-7c .kb-slide-item .kb-gal-image-radius img{border-radius:0px 0px 0px 0px;;}<\/style>\n<div class=\"wp-block-kadence-advancedgallery kb-gallery-wrap-id-_86ada8-7c\"><div class=\"kb-gallery-ul kb-gallery-type-carousel kb-gallery-id-_86ada8-7c kb-gallery-caption-style-bottom-hover kb-gallery-filter-none\" data-image-filter=\"none\" data-lightbox-caption=\"true\"><div class=\"kt-blocks-carousel kt-carousel-container-dotstyle-dark\"><div class=\"kt-blocks-carousel-init kb-gallery-carousel kt-carousel-arrowstyle-whiteondark kt-carousel-dotstyle-dark\" data-columns-xxl=\"3\" data-columns-xl=\"3\" data-columns-md=\"3\" data-columns-sm=\"2\" data-columns-xs=\"1\" data-columns-ss=\"1\" data-slider-anim-speed=\"400\" data-slider-scroll=\"1\" data-slider-arrows=\"true\" data-slider-dots=\"true\" data-slider-hover-pause=\"false\" data-slider-auto=\"false\" data-slider-speed=\"7000\"><div class=\"kb-slide-item kb-gallery-carousel-item\"><div class=\"kadence-blocks-gallery-item\"><div class=\"kadence-blocks-gallery-item-inner\"><figure class=\"kb-gallery-figure kadence-blocks-gallery-item-hide-caption kb-has-image-ratio-land32\"><div class=\"kb-gal-image-radius\"><div class=\"kb-gallery-image-contain kadence-blocks-gallery-intrinsic kb-gallery-image-ratio-land32\"><img loading=\"lazy\" decoding=\"async\" width=\"228\" height=\"222\" src=\"https:\/\/cognosweb.com\/cognoswp\/wp-content\/uploads\/2020\/06\/moodle.jpg\" alt=\"\" data-full-image=\"https:\/\/cognosweb.com\/cognoswp\/wp-content\/uploads\/2020\/06\/moodle.jpg\" data-light-image=\"https:\/\/cognosweb.com\/cognoswp\/wp-content\/uploads\/2020\/06\/moodle.jpg\" data-id=\"1486\" data-link=\"https:\/\/cognosweb.com\/cognoswp\/cursos-moodle\/moodle\/\" class=\"wp-image-1486 skip-lazy\" title=\"\"><\/div><\/div><\/figure><\/div><\/div><\/div><div class=\"kb-slide-item kb-gallery-carousel-item\"><div class=\"kadence-blocks-gallery-item\"><div class=\"kadence-blocks-gallery-item-inner\"><figure class=\"kb-gallery-figure kadence-blocks-gallery-item-hide-caption kb-has-image-ratio-land32\"><div class=\"kb-gal-image-radius\"><div class=\"kb-gallery-image-contain kadence-blocks-gallery-intrinsic kb-gallery-image-ratio-land32\"><img loading=\"lazy\" decoding=\"async\" width=\"391\" height=\"129\" src=\"https:\/\/cognosweb.com\/cognoswp\/wp-content\/uploads\/2020\/05\/moodle2.jpg\" alt=\"\" data-full-image=\"https:\/\/cognosweb.com\/cognoswp\/wp-content\/uploads\/2020\/05\/moodle2.jpg\" data-light-image=\"https:\/\/cognosweb.com\/cognoswp\/wp-content\/uploads\/2020\/05\/moodle2.jpg\" data-id=\"1337\" data-link=\"https:\/\/cognosweb.com\/cognoswp\/2020\/05\/28\/porque-usar-moodle\/moodle2\/\" class=\"wp-image-1337 skip-lazy\" title=\"\" srcset=\"https:\/\/cognosweb.com\/cognoswp\/wp-content\/uploads\/2020\/05\/moodle2.jpg 391w, https:\/\/cognosweb.com\/cognoswp\/wp-content\/uploads\/2020\/05\/moodle2-300x99.jpg 300w\" sizes=\"auto, (max-width: 391px) 100vw, 391px\" \/><\/div><\/div><\/figure><\/div><\/div><\/div><div class=\"kb-slide-item kb-gallery-carousel-item\"><div class=\"kadence-blocks-gallery-item\"><div class=\"kadence-blocks-gallery-item-inner\"><figure class=\"kb-gallery-figure kadence-blocks-gallery-item-hide-caption kb-has-image-ratio-land32\"><div class=\"kb-gal-image-radius\"><div class=\"kb-gallery-image-contain kadence-blocks-gallery-intrinsic kb-gallery-image-ratio-land32\"><img loading=\"lazy\" decoding=\"async\" src=\"https:\/\/cognosweb.com\/cognoswp\/wp-content\/uploads\/2020\/05\/12-1024x394.png\" width=\"1024\" height=\"394\" alt=\"\" data-full-image=\"https:\/\/cognosweb.com\/cognoswp\/wp-content\/uploads\/2020\/05\/12.png\" data-light-image=\"https:\/\/cognosweb.com\/cognoswp\/wp-content\/uploads\/2020\/05\/12.png\" data-id=\"1247\" data-link=\"https:\/\/cognosweb.com\/cognoswp\/cursos-moodle\/attachment\/12\/\" class=\"wp-image-1247 skip-lazy\" title=\"\" srcset=\"https:\/\/cognosweb.com\/cognoswp\/wp-content\/uploads\/2020\/05\/12-1024x394.png 1024w, https:\/\/cognosweb.com\/cognoswp\/wp-content\/uploads\/2020\/05\/12-300x115.png 300w, https:\/\/cognosweb.com\/cognoswp\/wp-content\/uploads\/2020\/05\/12-768x295.png 768w, https:\/\/cognosweb.com\/cognoswp\/wp-content\/uploads\/2020\/05\/12-600x231.png 600w, https:\/\/cognosweb.com\/cognoswp\/wp-content\/uploads\/2020\/05\/12.png 1170w\" sizes=\"auto, (max-width: 1024px) 100vw, 1024px\" \/><\/div><\/div><\/figure><\/div><\/div><\/div><\/div><\/div><\/div><\/div>\n\n\n<h3>&nbsp;<\/h3>\n<h3>Cursos en Plataforma MOODLE<\/h3>\n<p>Nuestros cursos en plataforma LMS MOODLE, pueden ser entre otros:<\/p>\n<ul>\n<li>Cursos para creadores de cursos<\/li>\n<li>Cursos de instalaci\u00f3n y configuraci\u00f3n<\/li>\n<li>Cursos de&nbsp; administraci\u00f3n de la plataforma.<\/li>\n<\/ul>\n<p>Para revisar los diferentes cursos puede acceder a nuestro portal educativo \u201cauladelconocimiento.com\u201d.<\/p>\n<p>Para cualquier informaci\u00f3n cont\u00e1ctanos para brindarle nuestra asesor\u00eda en &nbsp;nuestros tel\u00e9fonos,&nbsp; llenando nuestro <a href=\"https:\/\/cognosweb.com\/cognoswp\/contactanos\/\"><strong>formulario de Contacto<\/strong><\/a> o de solicitud de una <a href=\"https:\/\/cognosweb.com\/cognoswp\/quiero-cotizar\/\"><strong>cotizaci\u00f3n<\/strong><\/a>.<\/p>","protected":false},"excerpt":{"rendered":"<p>&nbsp; Cursos en Plataforma MOODLE Nuestros cursos en plataforma LMS MOODLE, pueden ser entre otros: Cursos para creadores de cursos Cursos de instalaci\u00f3n y configuraci\u00f3n Cursos de&nbsp; administraci\u00f3n de la plataforma. Para revisar los diferentes cursos puede acceder a nuestro &hellip; <a href=\"https:\/\/cognosweb.com\/cognoswp\/cursos-moodle\/\">Continuar<\/a><\/p>\n","protected":false},"author":1,"featured_media":0,"parent":0,"menu_order":0,"comment_status":"closed","ping_status":"closed","template":"","meta":{"_acf_changed":false,"kt_blocks_editor_width":"","footnotes":""},"class_list":["post-897","page","type-page","status-publish","hentry"],"acf":[],"_links":{"self":[{"href":"https:\/\/cognosweb.com\/cognoswp\/wp-json\/wp\/v2\/pages\/897","targetHints":{"allow":["GET"]}}],"collection":[{"href":"https:\/\/cognosweb.com\/cognoswp\/wp-json\/wp\/v2\/pages"}],"about":[{"href":"https:\/\/cognosweb.com\/cognoswp\/wp-json\/wp\/v2\/types\/page"}],"author":[{"embeddable":true,"href":"https:\/\/cognosweb.com\/cognoswp\/wp-json\/wp\/v2\/users\/1"}],"replies":[{"embeddable":true,"href":"https:\/\/cognosweb.com\/cognoswp\/wp-json\/wp\/v2\/comments?post=897"}],"version-history":[{"count":0,"href":"https:\/\/cognosweb.com\/cognoswp\/wp-json\/wp\/v2\/pages\/897\/revisions"}],"wp:attachment":[{"href":"https:\/\/cognosweb.com\/cognoswp\/wp-json\/wp\/v2\/media?parent=897"}],"curies":[{"name":"wp","href":"https:\/\/api.w.org\/{rel}","templated":true}]}}