{"id":899,"date":"2020-05-14T23:18:20","date_gmt":"2020-05-14T23:18:20","guid":{"rendered":"https:\/\/cognosweb.com\/cognoswp\/?page_id=899"},"modified":"2020-11-04T01:07:40","modified_gmt":"2020-11-04T01:07:40","slug":"asesoria-en-la-creacion-y-montaje-de-cursos-virtuales","status":"publish","type":"page","link":"https:\/\/cognosweb.com\/cognoswp\/asesoria-en-la-creacion-y-montaje-de-cursos-virtuales\/","title":{"rendered":"Asesor\u00eda en la creaci\u00f3n y montaje de cursos virtuales"},"content":{"rendered":"\n<p><span style=\"font-size: 8pt; color: #ffffff; background-color: #ffffff;\">Asesor\u00eda en la creaci\u00f3n y montaje de cursos virtuales<\/span><\/p>\n\n\n<style>.wp-block-kadence-advancedgallery.kb-gallery-wrap-id-_b6e476-55{overflow:hidden;}.kb-gallery-type-carousel.kb-gallery-id-_b6e476-55 .kt-blocks-carousel .kt-blocks-carousel-init{margin:0 -5px;}.kb-gallery-type-carousel.kb-gallery-id-_b6e476-55 .kt-blocks-carousel .kt-blocks-carousel-init .kb-slide-item{padding:4px 5px;}.kb-gallery-type-carousel.kb-gallery-id-_b6e476-55 .kt-blocks-carousel .kt-blocks-carousel-init .slick-prev{left:5px;}.kb-gallery-type-carousel.kb-gallery-id-_b6e476-55 .kt-blocks-carousel .kt-blocks-carousel-init .slick-next{right:5px;}.kb-gallery-id-_b6e476-55 .kadence-blocks-gallery-item .kb-gal-image-radius, .kb-gallery-id-_b6e476-55 .kb-slide-item .kb-gal-image-radius img{border-radius:0px 0px 0px 0px;;}<\/style>\n<div class=\"wp-block-kadence-advancedgallery kb-gallery-wrap-id-_b6e476-55\"><div class=\"kb-gallery-ul kb-gallery-type-carousel kb-gallery-id-_b6e476-55 kb-gallery-caption-style-bottom-hover kb-gallery-filter-none\" data-image-filter=\"none\" data-lightbox-caption=\"true\"><div class=\"kt-blocks-carousel kt-carousel-container-dotstyle-dark\"><div class=\"kt-blocks-carousel-init kb-gallery-carousel kt-carousel-arrowstyle-whiteondark kt-carousel-dotstyle-dark\" data-columns-xxl=\"3\" data-columns-xl=\"3\" data-columns-md=\"3\" data-columns-sm=\"2\" data-columns-xs=\"1\" data-columns-ss=\"1\" data-slider-anim-speed=\"400\" data-slider-scroll=\"1\" data-slider-arrows=\"true\" data-slider-dots=\"true\" data-slider-hover-pause=\"false\" data-slider-auto=\"false\" data-slider-speed=\"7000\"><div class=\"kb-slide-item kb-gallery-carousel-item\"><div class=\"kadence-blocks-gallery-item\"><div class=\"kadence-blocks-gallery-item-inner\"><figure class=\"kb-gallery-figure kadence-blocks-gallery-item-hide-caption kb-has-image-ratio-land32\"><div class=\"kb-gal-image-radius\"><div class=\"kb-gallery-image-contain kadence-blocks-gallery-intrinsic kb-gallery-image-ratio-land32\"><img loading=\"lazy\" decoding=\"async\" src=\"https:\/\/cognosweb.com\/cognoswp\/wp-content\/uploads\/2020\/05\/6-1024x394.png\" width=\"1024\" height=\"394\" alt=\"asesor\u00eda y servicos cognosweb\" data-full-image=\"https:\/\/cognosweb.com\/cognoswp\/wp-content\/uploads\/2020\/05\/6.png\" data-light-image=\"https:\/\/cognosweb.com\/cognoswp\/wp-content\/uploads\/2020\/05\/6.png\" data-id=\"1201\" data-link=\"https:\/\/cognosweb.com\/cognoswp\/6\/\" class=\"wp-image-1201 skip-lazy\" title=\"\" srcset=\"https:\/\/cognosweb.com\/cognoswp\/wp-content\/uploads\/2020\/05\/6-1024x394.png 1024w, https:\/\/cognosweb.com\/cognoswp\/wp-content\/uploads\/2020\/05\/6-300x115.png 300w, https:\/\/cognosweb.com\/cognoswp\/wp-content\/uploads\/2020\/05\/6-768x295.png 768w, https:\/\/cognosweb.com\/cognoswp\/wp-content\/uploads\/2020\/05\/6-600x231.png 600w, https:\/\/cognosweb.com\/cognoswp\/wp-content\/uploads\/2020\/05\/6.png 1170w\" sizes=\"auto, (max-width: 1024px) 100vw, 1024px\" \/><\/div><\/div><\/figure><\/div><\/div><\/div><div class=\"kb-slide-item kb-gallery-carousel-item\"><div class=\"kadence-blocks-gallery-item\"><div class=\"kadence-blocks-gallery-item-inner\"><figure class=\"kb-gallery-figure kadence-blocks-gallery-item-hide-caption kb-has-image-ratio-land32\"><div class=\"kb-gal-image-radius\"><div class=\"kb-gallery-image-contain kadence-blocks-gallery-intrinsic kb-gallery-image-ratio-land32\"><img loading=\"lazy\" decoding=\"async\" src=\"https:\/\/cognosweb.com\/cognoswp\/wp-content\/uploads\/2020\/05\/5-1024x394.png\" width=\"1024\" height=\"394\" alt=\"cursos cognosweb\" data-full-image=\"https:\/\/cognosweb.com\/cognoswp\/wp-content\/uploads\/2020\/05\/5.png\" data-light-image=\"https:\/\/cognosweb.com\/cognoswp\/wp-content\/uploads\/2020\/05\/5.png\" data-id=\"1200\" data-link=\"https:\/\/cognosweb.com\/cognoswp\/5\/\" class=\"wp-image-1200 skip-lazy\" title=\"\" srcset=\"https:\/\/cognosweb.com\/cognoswp\/wp-content\/uploads\/2020\/05\/5-1024x394.png 1024w, https:\/\/cognosweb.com\/cognoswp\/wp-content\/uploads\/2020\/05\/5-300x115.png 300w, https:\/\/cognosweb.com\/cognoswp\/wp-content\/uploads\/2020\/05\/5-768x295.png 768w, https:\/\/cognosweb.com\/cognoswp\/wp-content\/uploads\/2020\/05\/5-600x231.png 600w, https:\/\/cognosweb.com\/cognoswp\/wp-content\/uploads\/2020\/05\/5.png 1170w\" sizes=\"auto, (max-width: 1024px) 100vw, 1024px\" \/><\/div><\/div><\/figure><\/div><\/div><\/div><div class=\"kb-slide-item kb-gallery-carousel-item\"><div class=\"kadence-blocks-gallery-item\"><div class=\"kadence-blocks-gallery-item-inner\"><figure class=\"kb-gallery-figure kadence-blocks-gallery-item-hide-caption kb-has-image-ratio-land32\"><div class=\"kb-gal-image-radius\"><div class=\"kb-gallery-image-contain kadence-blocks-gallery-intrinsic kb-gallery-image-ratio-land32\"><img loading=\"lazy\" decoding=\"async\" src=\"https:\/\/cognosweb.com\/cognoswp\/wp-content\/uploads\/2020\/05\/3-1-1024x394.png\" width=\"1024\" height=\"394\" alt=\"montajes cognosweb\" data-full-image=\"https:\/\/cognosweb.com\/cognoswp\/wp-content\/uploads\/2020\/05\/3-1.png\" data-light-image=\"https:\/\/cognosweb.com\/cognoswp\/wp-content\/uploads\/2020\/05\/3-1.png\" data-id=\"1198\" data-link=\"https:\/\/cognosweb.com\/cognoswp\/3-3\/\" class=\"wp-image-1198 skip-lazy\" title=\"\" srcset=\"https:\/\/cognosweb.com\/cognoswp\/wp-content\/uploads\/2020\/05\/3-1-1024x394.png 1024w, https:\/\/cognosweb.com\/cognoswp\/wp-content\/uploads\/2020\/05\/3-1-300x115.png 300w, https:\/\/cognosweb.com\/cognoswp\/wp-content\/uploads\/2020\/05\/3-1-768x295.png 768w, https:\/\/cognosweb.com\/cognoswp\/wp-content\/uploads\/2020\/05\/3-1-600x231.png 600w, https:\/\/cognosweb.com\/cognoswp\/wp-content\/uploads\/2020\/05\/3-1.png 1170w\" sizes=\"auto, (max-width: 1024px) 100vw, 1024px\" \/><\/div><\/div><\/figure><\/div><\/div><\/div><div class=\"kb-slide-item kb-gallery-carousel-item\"><div class=\"kadence-blocks-gallery-item\"><div class=\"kadence-blocks-gallery-item-inner\"><figure class=\"kb-gallery-figure kadence-blocks-gallery-item-hide-caption kb-has-image-ratio-land32\"><div class=\"kb-gal-image-radius\"><div class=\"kb-gallery-image-contain kadence-blocks-gallery-intrinsic kb-gallery-image-ratio-land32\"><img loading=\"lazy\" decoding=\"async\" src=\"https:\/\/cognosweb.com\/cognoswp\/wp-content\/uploads\/2020\/05\/COGNOS-WEB-PORTADAS-11-1024x394.png\" width=\"1024\" height=\"394\" alt=\"cogosweb asesoria cursos\" data-full-image=\"https:\/\/cognosweb.com\/cognoswp\/wp-content\/uploads\/2020\/05\/COGNOS-WEB-PORTADAS-11.png\" data-light-image=\"https:\/\/cognosweb.com\/cognoswp\/wp-content\/uploads\/2020\/05\/COGNOS-WEB-PORTADAS-11.png\" data-id=\"1016\" data-link=\"https:\/\/cognosweb.com\/cognoswp\/cognos-web-portadas-11\/\" class=\"wp-image-1016 skip-lazy\" title=\"\" srcset=\"https:\/\/cognosweb.com\/cognoswp\/wp-content\/uploads\/2020\/05\/COGNOS-WEB-PORTADAS-11-1024x394.png 1024w, https:\/\/cognosweb.com\/cognoswp\/wp-content\/uploads\/2020\/05\/COGNOS-WEB-PORTADAS-11-600x231.png 600w, https:\/\/cognosweb.com\/cognoswp\/wp-content\/uploads\/2020\/05\/COGNOS-WEB-PORTADAS-11-300x115.png 300w, https:\/\/cognosweb.com\/cognoswp\/wp-content\/uploads\/2020\/05\/COGNOS-WEB-PORTADAS-11-768x295.png 768w, https:\/\/cognosweb.com\/cognoswp\/wp-content\/uploads\/2020\/05\/COGNOS-WEB-PORTADAS-11.png 1170w\" sizes=\"auto, (max-width: 1024px) 100vw, 1024px\" \/><\/div><\/div><\/figure><\/div><\/div><\/div><\/div><\/div><\/div><\/div>\n\n\n<h2><span style=\"font-size: 10pt;\"><strong>Asesor\u00eda en la creaci\u00f3n y montaje de cursos virtuales<\/strong><\/span><\/h2>\n<p><em>CognosWeb, le brinda la asesor\u00eda en la creaci\u00f3n y montaje de cursos virtuales, que requiera para el dise\u00f1o, o la adaptaci\u00f3n de cursos virtuales, si usted posee, el conocimiento y el dominio del&nbsp; tema, CognosWeb aterriza sus ideas y las plasma en un formato \u00f3ptimo para el ambiente virtual de aprendizaje.<\/em><\/p>\n<p><em>&nbsp;<\/em><em>La asesor\u00eda en montaje de cursos virtuales, le brinda dos opciones:<\/em><\/p>\n<ol>\n<li><em> Convertir sus cursos dise\u00f1ados para plataformas presenciales en cursos \u00f3ptimos y adecuados para la realizaci\u00f3n en una plataforma virtual.<\/em><\/li>\n<li><em> El apoyo t\u00e9cnico para que usted mismo adecue su curso cubriendo sus necesidades, en el caso que sea usted mismo, quien lo haya dise\u00f1ado.<\/em><\/li>\n<\/ol>\n<p>Nuestros sistemas educativos han tenido que ser re-adaptados a los modelos virtuales de aprendizaje,debido a la pandemia. Este fen\u00f3meno nos ha obligado&nbsp; ha cambiar los m\u00e9todos de ense\u00f1anza tradicional por modelos m\u00e1s ajustados al ambiente virtual y es por ello que mediante estas soluciones, Cognosweb le brinda la posibilidad de utilizar las \u00faltimas t\u00e9cnicas educativas, pedag\u00f3gicas y de dise\u00f1o instruccional para que sus cursos sean exitosos en las plataformas educativas.<\/p>\n<p>Nuestro portal, &nbsp;<a href=\"https:\/\/auladelconocimiento.com\" target=\"_blank\" rel=\"noopener\">https:\/\/auladelconocimiento.com<\/a>, te permite ver como las soluciones propuestas se hacen realidad.<\/p>\n<p>Para cualquier informaci\u00f3n cont\u00e1ctanos para brindarle nuestra asesor\u00eda en &nbsp;nuestros tel\u00e9fonos,&nbsp; llenando nuestro <a href=\"https:\/\/cognosweb.com\/cognoswp\/contactanos\/\"><strong>formulario de Contacto<\/strong><\/a> o de solicitud de una <a href=\"https:\/\/cognosweb.com\/cognoswp\/quiero-cotizar\/\"><strong>cotizaci\u00f3n<\/strong><\/a>.<\/p>\n<p><em>&nbsp;<\/em><\/p>\n\n\n<p><img loading=\"lazy\" decoding=\"async\" class=\"alignnone  wp-image-1568\" src=\"https:\/\/cognosweb.com\/cognoswp\/wp-content\/uploads\/2020\/06\/1-4-300x115.png\" alt=\"Asesor\u00eda en la creaci\u00f3n y montaje de cursos virtuales\" width=\"5\" height=\"2\" title=\"\" srcset=\"https:\/\/cognosweb.com\/cognoswp\/wp-content\/uploads\/2020\/06\/1-4-300x115.png 300w, https:\/\/cognosweb.com\/cognoswp\/wp-content\/uploads\/2020\/06\/1-4-1024x394.png 1024w, https:\/\/cognosweb.com\/cognoswp\/wp-content\/uploads\/2020\/06\/1-4-768x295.png 768w, https:\/\/cognosweb.com\/cognoswp\/wp-content\/uploads\/2020\/06\/1-4-80x50.png 80w, https:\/\/cognosweb.com\/cognoswp\/wp-content\/uploads\/2020\/06\/1-4-600x231.png 600w, https:\/\/cognosweb.com\/cognoswp\/wp-content\/uploads\/2020\/06\/1-4.png 1170w\" sizes=\"auto, (max-width: 5px) 100vw, 5px\" \/><\/p>\n","protected":false},"excerpt":{"rendered":"<p>Asesor\u00eda en la creaci\u00f3n y montaje de cursos virtuales Asesor\u00eda en la creaci\u00f3n y montaje de cursos virtuales CognosWeb, le brinda la asesor\u00eda en la creaci\u00f3n y montaje de cursos virtuales, que requiera para el dise\u00f1o, o la adaptaci\u00f3n de &hellip; <a href=\"https:\/\/cognosweb.com\/cognoswp\/asesoria-en-la-creacion-y-montaje-de-cursos-virtuales\/\">Continuar<\/a><\/p>\n","protected":false},"author":1,"featured_media":0,"parent":0,"menu_order":0,"comment_status":"closed","ping_status":"closed","template":"","meta":{"_acf_changed":false,"kt_blocks_editor_width":"","footnotes":""},"class_list":["post-899","page","type-page","status-publish","hentry"],"acf":[],"_links":{"self":[{"href":"https:\/\/cognosweb.com\/cognoswp\/wp-json\/wp\/v2\/pages\/899","targetHints":{"allow":["GET"]}}],"collection":[{"href":"https:\/\/cognosweb.com\/cognoswp\/wp-json\/wp\/v2\/pages"}],"about":[{"href":"https:\/\/cognosweb.com\/cognoswp\/wp-json\/wp\/v2\/types\/page"}],"author":[{"embeddable":true,"href":"https:\/\/cognosweb.com\/cognoswp\/wp-json\/wp\/v2\/users\/1"}],"replies":[{"embeddable":true,"href":"https:\/\/cognosweb.com\/cognoswp\/wp-json\/wp\/v2\/comments?post=899"}],"version-history":[{"count":0,"href":"https:\/\/cognosweb.com\/cognoswp\/wp-json\/wp\/v2\/pages\/899\/revisions"}],"wp:attachment":[{"href":"https:\/\/cognosweb.com\/cognoswp\/wp-json\/wp\/v2\/media?parent=899"}],"curies":[{"name":"wp","href":"https:\/\/api.w.org\/{rel}","templated":true}]}}