{"id":903,"date":"2020-05-14T23:19:29","date_gmt":"2020-05-14T23:19:29","guid":{"rendered":"https:\/\/cognosweb.com\/cognoswp\/?page_id=903"},"modified":"2020-11-27T00:50:35","modified_gmt":"2020-11-27T00:50:35","slug":"cursos-para-facilitadores-virtuales","status":"publish","type":"page","link":"https:\/\/cognosweb.com\/cognoswp\/cursos-para-facilitadores-virtuales\/","title":{"rendered":"Cursos para facilitadores virtuales"},"content":{"rendered":"<h2><span style=\"font-size: 8pt; color: #ffffff;\">Cursos para facilitadores virtuales<\/span><\/h2>\n<h3><strong>Cursos para facilitadores o instructores virtuales.<\/strong><\/h3>\n<p><img loading=\"lazy\" decoding=\"async\" class=\"aligncenter wp-image-1475\" src=\"https:\/\/cognosweb.com\/cognoswp\/wp-content\/uploads\/2020\/06\/COMO-SER-UN-BUEN-FACILITADOR-VIRTUAL-300x251.jpg\" alt=\"Cursos para facilitadores virtuales\" width=\"213\" height=\"178\" title=\"\" srcset=\"https:\/\/cognosweb.com\/cognoswp\/wp-content\/uploads\/2020\/06\/COMO-SER-UN-BUEN-FACILITADOR-VIRTUAL-300x251.jpg 300w, https:\/\/cognosweb.com\/cognoswp\/wp-content\/uploads\/2020\/06\/COMO-SER-UN-BUEN-FACILITADOR-VIRTUAL-768x644.jpg 768w, https:\/\/cognosweb.com\/cognoswp\/wp-content\/uploads\/2020\/06\/COMO-SER-UN-BUEN-FACILITADOR-VIRTUAL-600x503.jpg 600w, https:\/\/cognosweb.com\/cognoswp\/wp-content\/uploads\/2020\/06\/COMO-SER-UN-BUEN-FACILITADOR-VIRTUAL.jpg 940w\" sizes=\"auto, (max-width: 213px) 100vw, 213px\" \/><\/p>\n<p>La educaci\u00f3n virtual presenta nuevos retos para tratar que los estudiantes mantengan el inter\u00e9s y asimilen adecuadamente las ense\u00f1anzas prestadas, es por ello que los nuevos profesores deben aprender a crear ambientes propicios para que los resultados del aprendizaje sean similares, a los obtenidos en la educaci\u00f3n formal presencial.<\/p>\n<p>Nuestros cursos para facilitadores tienen como objetivo lograr que el facilitador del curso pueda enfrentar m\u00e1s f\u00e1cilmente el reto que implica el cambio de metodolog\u00eda al pasar de soluciones presenciales a \u00a0soluciones virtuales.<\/p>\n<p>El curso incluye el\u00a0 uso de herramientas que nos ayudan a \u201ctutorear\u201d un curso virtual como foros, evaluaciones, informes de actividad, calificaciones, y la utilizaci\u00f3n de mensajer\u00eda, wikis, blogs y otras herramientas dentro del curso.<\/p>\n<p>CURSO: \u00a0Como ser un buen facilitador Virtual y pautas para desarrollo del contenido de un curso.<\/p>\n<p>Contenido:<\/p>\n<ol>\n<li>Introducci\u00f3n.<\/li>\n<li>Conceptos b\u00e1sicos<\/li>\n<li>La nueva ense\u00f1anza y los estilos de aprendizaje<\/li>\n<li>El Aula Virtual.<\/li>\n<li>El ambiente virtual<\/li>\n<li>Medios para el suministro de la ense\u00f1anza.<\/li>\n<li>Escogiendo la mejor tecnolog\u00eda para un curso particular<\/li>\n<li>Herramientas a Utilizar.<\/li>\n<li>Preparaci\u00f3n del material.<\/li>\n<li>Definici\u00f3n del contenido y elaboraci\u00f3n de \u00cdndice.<\/li>\n<li>Derechos de autor.<\/li>\n<li>An\u00e1lisis del Tiempo.<\/li>\n<li>Retroalimentaci\u00f3n.<\/li>\n<li>Como mantener la atenci\u00f3n y el inter\u00e9s del estudiante en el ambiente virtual.<\/li>\n<li>Porque alguien deber\u00eda comprar mi curso?<\/li>\n<li>Lanzamiento y Ejecuci\u00f3n.<\/li>\n<\/ol>\n<p>Para cualquier informaci\u00f3n cont\u00e1ctanos para brindarle nuestra asesor\u00eda en \u00a0nuestros tel\u00e9fonos,\u00a0 llenando nuestro <a href=\"https:\/\/cognosweb.com\/cognoswp\/contactanos\/\"><strong>formulario de Contacto<\/strong><\/a> o de solicitud de una <a href=\"https:\/\/cognosweb.com\/cognoswp\/quiero-cotizar\/\"><strong>cotizaci\u00f3n<\/strong><\/a>.<\/p>\n<p>Nuestro portal, \u00a0<a href=\"https:\/\/auladelconocimiento.com\" target=\"_blank\" rel=\"noreferrer noopener\">https:\/\/auladelconocimiento.com<\/a>, te permite ver como las soluciones propuestas se hacen realidad.<\/p>\n","protected":false},"excerpt":{"rendered":"<p>Cursos para facilitadores virtuales Cursos para facilitadores o instructores virtuales. La educaci\u00f3n virtual presenta nuevos retos para tratar que los estudiantes mantengan el inter\u00e9s y asimilen adecuadamente las ense\u00f1anzas prestadas, es por ello que los nuevos profesores deben aprender a &hellip; <a href=\"https:\/\/cognosweb.com\/cognoswp\/cursos-para-facilitadores-virtuales\/\">Continuar<\/a><\/p>\n","protected":false},"author":1,"featured_media":0,"parent":0,"menu_order":0,"comment_status":"closed","ping_status":"closed","template":"","meta":{"_acf_changed":false,"kt_blocks_editor_width":"","footnotes":""},"class_list":["post-903","page","type-page","status-publish","hentry"],"acf":[],"_links":{"self":[{"href":"https:\/\/cognosweb.com\/cognoswp\/wp-json\/wp\/v2\/pages\/903","targetHints":{"allow":["GET"]}}],"collection":[{"href":"https:\/\/cognosweb.com\/cognoswp\/wp-json\/wp\/v2\/pages"}],"about":[{"href":"https:\/\/cognosweb.com\/cognoswp\/wp-json\/wp\/v2\/types\/page"}],"author":[{"embeddable":true,"href":"https:\/\/cognosweb.com\/cognoswp\/wp-json\/wp\/v2\/users\/1"}],"replies":[{"embeddable":true,"href":"https:\/\/cognosweb.com\/cognoswp\/wp-json\/wp\/v2\/comments?post=903"}],"version-history":[{"count":0,"href":"https:\/\/cognosweb.com\/cognoswp\/wp-json\/wp\/v2\/pages\/903\/revisions"}],"wp:attachment":[{"href":"https:\/\/cognosweb.com\/cognoswp\/wp-json\/wp\/v2\/media?parent=903"}],"curies":[{"name":"wp","href":"https:\/\/api.w.org\/{rel}","templated":true}]}}