{"id":905,"date":"2020-05-14T23:20:05","date_gmt":"2020-05-14T23:20:05","guid":{"rendered":"https:\/\/cognosweb.com\/cognoswp\/?page_id=905"},"modified":"2020-11-27T00:52:15","modified_gmt":"2020-11-27T00:52:15","slug":"diseno-de-contenidos-educativos","status":"publish","type":"page","link":"https:\/\/cognosweb.com\/cognoswp\/diseno-de-contenidos-educativos\/","title":{"rendered":"Dise\u00f1o de contenidos educativos"},"content":{"rendered":"<style>.wp-block-kadence-advancedgallery.kb-gallery-wrap-id-_51814e-9e{overflow:hidden;}.kb-gallery-type-carousel.kb-gallery-id-_51814e-9e .kt-blocks-carousel .kt-blocks-carousel-init{margin:0 -5px;}.kb-gallery-type-carousel.kb-gallery-id-_51814e-9e .kt-blocks-carousel .kt-blocks-carousel-init .kb-slide-item{padding:4px 5px;}.kb-gallery-type-carousel.kb-gallery-id-_51814e-9e .kt-blocks-carousel .kt-blocks-carousel-init .slick-prev{left:5px;}.kb-gallery-type-carousel.kb-gallery-id-_51814e-9e .kt-blocks-carousel .kt-blocks-carousel-init .slick-next{right:5px;}.kb-gallery-id-_51814e-9e .kadence-blocks-gallery-item .kb-gal-image-radius, .kb-gallery-id-_51814e-9e .kb-slide-item .kb-gal-image-radius img{border-radius:0px 0px 0px 0px;;}<\/style>\n<div class=\"wp-block-kadence-advancedgallery kb-gallery-wrap-id-_51814e-9e\"><div class=\"kb-gallery-ul kb-gallery-type-carousel kb-gallery-id-_51814e-9e kb-gallery-caption-style-bottom-hover kb-gallery-filter-none\" data-image-filter=\"none\" data-lightbox-caption=\"true\"><div class=\"kt-blocks-carousel kt-carousel-container-dotstyle-dark\"><div class=\"kt-blocks-carousel-init kb-gallery-carousel kt-carousel-arrowstyle-whiteondark kt-carousel-dotstyle-dark\" data-columns-xxl=\"3\" data-columns-xl=\"3\" data-columns-md=\"3\" data-columns-sm=\"2\" data-columns-xs=\"1\" data-columns-ss=\"1\" data-slider-anim-speed=\"400\" data-slider-scroll=\"1\" data-slider-arrows=\"true\" data-slider-dots=\"true\" data-slider-hover-pause=\"false\" data-slider-auto=\"false\" data-slider-speed=\"7000\"><div class=\"kb-slide-item kb-gallery-carousel-item\"><div class=\"kadence-blocks-gallery-item\"><div class=\"kadence-blocks-gallery-item-inner\"><figure class=\"kb-gallery-figure kadence-blocks-gallery-item-hide-caption kb-has-image-ratio-land32\"><div class=\"kb-gal-image-radius\"><div class=\"kb-gallery-image-contain kadence-blocks-gallery-intrinsic kb-gallery-image-ratio-land32\"><img loading=\"lazy\" decoding=\"async\" src=\"https:\/\/cognosweb.com\/cognoswp\/wp-content\/uploads\/2020\/06\/7-1-1024x394.png\" width=\"1024\" height=\"394\" alt=\"\" data-full-image=\"https:\/\/cognosweb.com\/cognoswp\/wp-content\/uploads\/2020\/06\/7-1.png\" data-light-image=\"https:\/\/cognosweb.com\/cognoswp\/wp-content\/uploads\/2020\/06\/7-1.png\" data-id=\"1591\" data-link=\"https:\/\/cognosweb.com\/cognoswp\/cursos-especiales\/7-1\/\" class=\"wp-image-1591 skip-lazy\" title=\"\" srcset=\"https:\/\/cognosweb.com\/cognoswp\/wp-content\/uploads\/2020\/06\/7-1-1024x394.png 1024w, https:\/\/cognosweb.com\/cognoswp\/wp-content\/uploads\/2020\/06\/7-1-300x115.png 300w, https:\/\/cognosweb.com\/cognoswp\/wp-content\/uploads\/2020\/06\/7-1-768x295.png 768w, https:\/\/cognosweb.com\/cognoswp\/wp-content\/uploads\/2020\/06\/7-1-600x231.png 600w, https:\/\/cognosweb.com\/cognoswp\/wp-content\/uploads\/2020\/06\/7-1.png 1170w\" sizes=\"auto, (max-width: 1024px) 100vw, 1024px\" \/><\/div><\/div><\/figure><\/div><\/div><\/div><div class=\"kb-slide-item kb-gallery-carousel-item\"><div class=\"kadence-blocks-gallery-item\"><div class=\"kadence-blocks-gallery-item-inner\"><figure class=\"kb-gallery-figure kadence-blocks-gallery-item-hide-caption kb-has-image-ratio-land32\"><div class=\"kb-gal-image-radius\"><div class=\"kb-gallery-image-contain kadence-blocks-gallery-intrinsic kb-gallery-image-ratio-land32\"><img loading=\"lazy\" decoding=\"async\" src=\"https:\/\/cognosweb.com\/cognoswp\/wp-content\/uploads\/2020\/06\/4-6-1024x394.png\" width=\"1024\" height=\"394\" alt=\"\" data-full-image=\"https:\/\/cognosweb.com\/cognoswp\/wp-content\/uploads\/2020\/06\/4-6.png\" data-light-image=\"https:\/\/cognosweb.com\/cognoswp\/wp-content\/uploads\/2020\/06\/4-6.png\" data-id=\"1588\" data-link=\"https:\/\/cognosweb.com\/cognoswp\/cursos-especiales\/4-6\/\" class=\"wp-image-1588 skip-lazy\" title=\"\" srcset=\"https:\/\/cognosweb.com\/cognoswp\/wp-content\/uploads\/2020\/06\/4-6-1024x394.png 1024w, https:\/\/cognosweb.com\/cognoswp\/wp-content\/uploads\/2020\/06\/4-6-300x115.png 300w, https:\/\/cognosweb.com\/cognoswp\/wp-content\/uploads\/2020\/06\/4-6-768x295.png 768w, https:\/\/cognosweb.com\/cognoswp\/wp-content\/uploads\/2020\/06\/4-6-600x231.png 600w, https:\/\/cognosweb.com\/cognoswp\/wp-content\/uploads\/2020\/06\/4-6.png 1170w\" sizes=\"auto, (max-width: 1024px) 100vw, 1024px\" \/><\/div><\/div><\/figure><\/div><\/div><\/div><div class=\"kb-slide-item kb-gallery-carousel-item\"><div class=\"kadence-blocks-gallery-item\"><div class=\"kadence-blocks-gallery-item-inner\"><figure class=\"kb-gallery-figure kadence-blocks-gallery-item-hide-caption kb-has-image-ratio-land32\"><div class=\"kb-gal-image-radius\"><div class=\"kb-gallery-image-contain kadence-blocks-gallery-intrinsic kb-gallery-image-ratio-land32\"><img loading=\"lazy\" decoding=\"async\" src=\"https:\/\/cognosweb.com\/cognoswp\/wp-content\/uploads\/2020\/05\/eng-p10-1024x394.png\" width=\"1024\" height=\"394\" alt=\"\" data-full-image=\"https:\/\/cognosweb.com\/cognoswp\/wp-content\/uploads\/2020\/05\/eng-p10.png\" data-light-image=\"https:\/\/cognosweb.com\/cognoswp\/wp-content\/uploads\/2020\/05\/eng-p10.png\" data-id=\"1295\" data-link=\"https:\/\/cognosweb.com\/cognoswp\/eng-p10\/\" class=\"wp-image-1295 skip-lazy\" title=\"\" srcset=\"https:\/\/cognosweb.com\/cognoswp\/wp-content\/uploads\/2020\/05\/eng-p10-1024x394.png 1024w, https:\/\/cognosweb.com\/cognoswp\/wp-content\/uploads\/2020\/05\/eng-p10-300x115.png 300w, https:\/\/cognosweb.com\/cognoswp\/wp-content\/uploads\/2020\/05\/eng-p10-768x295.png 768w, https:\/\/cognosweb.com\/cognoswp\/wp-content\/uploads\/2020\/05\/eng-p10-600x231.png 600w, https:\/\/cognosweb.com\/cognoswp\/wp-content\/uploads\/2020\/05\/eng-p10.png 1170w\" sizes=\"auto, (max-width: 1024px) 100vw, 1024px\" \/><\/div><\/div><\/figure><\/div><\/div><\/div><div class=\"kb-slide-item kb-gallery-carousel-item\"><div class=\"kadence-blocks-gallery-item\"><div class=\"kadence-blocks-gallery-item-inner\"><figure class=\"kb-gallery-figure kadence-blocks-gallery-item-hide-caption kb-has-image-ratio-land32\"><div class=\"kb-gal-image-radius\"><div class=\"kb-gallery-image-contain kadence-blocks-gallery-intrinsic kb-gallery-image-ratio-land32\"><img loading=\"lazy\" decoding=\"async\" src=\"https:\/\/cognosweb.com\/cognoswp\/wp-content\/uploads\/2020\/05\/eng-p4-1024x394.png\" width=\"1024\" height=\"394\" alt=\"\" data-full-image=\"https:\/\/cognosweb.com\/cognoswp\/wp-content\/uploads\/2020\/05\/eng-p4.png\" data-light-image=\"https:\/\/cognosweb.com\/cognoswp\/wp-content\/uploads\/2020\/05\/eng-p4.png\" data-id=\"1294\" data-link=\"https:\/\/cognosweb.com\/cognoswp\/eng-p4\/\" class=\"wp-image-1294 skip-lazy\" title=\"\" srcset=\"https:\/\/cognosweb.com\/cognoswp\/wp-content\/uploads\/2020\/05\/eng-p4-1024x394.png 1024w, https:\/\/cognosweb.com\/cognoswp\/wp-content\/uploads\/2020\/05\/eng-p4-300x115.png 300w, https:\/\/cognosweb.com\/cognoswp\/wp-content\/uploads\/2020\/05\/eng-p4-768x295.png 768w, https:\/\/cognosweb.com\/cognoswp\/wp-content\/uploads\/2020\/05\/eng-p4-600x231.png 600w, https:\/\/cognosweb.com\/cognoswp\/wp-content\/uploads\/2020\/05\/eng-p4.png 1170w\" sizes=\"auto, (max-width: 1024px) 100vw, 1024px\" \/><\/div><\/div><\/figure><\/div><\/div><\/div><div class=\"kb-slide-item kb-gallery-carousel-item\"><div class=\"kadence-blocks-gallery-item\"><div class=\"kadence-blocks-gallery-item-inner\"><figure class=\"kb-gallery-figure kadence-blocks-gallery-item-hide-caption kb-has-image-ratio-land32\"><div class=\"kb-gal-image-radius\"><div class=\"kb-gallery-image-contain kadence-blocks-gallery-intrinsic kb-gallery-image-ratio-land32\"><img loading=\"lazy\" decoding=\"async\" src=\"https:\/\/cognosweb.com\/cognoswp\/wp-content\/uploads\/2020\/05\/13-1024x394.png\" width=\"1024\" height=\"394\" alt=\"\" data-full-image=\"https:\/\/cognosweb.com\/cognoswp\/wp-content\/uploads\/2020\/05\/13.png\" data-light-image=\"https:\/\/cognosweb.com\/cognoswp\/wp-content\/uploads\/2020\/05\/13.png\" data-id=\"1248\" data-link=\"https:\/\/cognosweb.com\/cognoswp\/aulas-virtuales\/attachment\/13\/\" class=\"wp-image-1248 skip-lazy\" title=\"\"><\/div><\/div><\/figure><\/div><\/div><\/div><\/div><\/div><\/div><\/div>\n\n\n<h3><strong>Dise\u00f1o de Contenidos Educativos<br \/><\/strong><\/h3>\n<p>El Servicio de Dise\u00f1o de contenidos consiste en la adecuaci\u00f3n del material escrito o multimedia existente en su Organizaci\u00f3n, empresa, universidad o colegio, \u00a0a una nueva \u00a0presentaci\u00f3n acorde con los requisitos que deben cumplir los cursos que se dictar\u00e1n virtualmente, con el fin de lograr los objetivos que cada facilitador se plantee.<\/p>\n<p><strong>Transformamos sus contenidos en recursos de aprendizaje virtual.<\/strong><\/p>\n<p>Para cualquier informaci\u00f3n cont\u00e1ctanos para brindarle nuestra asesor\u00eda en \u00a0nuestros tel\u00e9fonos,\u00a0 llenando nuestro <a href=\"https:\/\/cognosweb.com\/cognoswp\/contactanos\/\"><strong>formulario de Contacto<\/strong><\/a> o de solicitud de una <a href=\"https:\/\/cognosweb.com\/cognoswp\/quiero-cotizar\/\"><strong>cotizaci\u00f3n<\/strong><\/a>.<\/p>\n<p>Nuestro portal, \u00a0<a href=\"https:\/\/auladelconocimiento.com\" target=\"_blank\" rel=\"noreferrer noopener\">https:\/\/auladelconocimiento.com<\/a>, te permite ver como las soluciones propuestas se hacen realidad.<\/p>","protected":false},"excerpt":{"rendered":"<p>Dise\u00f1o de Contenidos Educativos El Servicio de Dise\u00f1o de contenidos consiste en la adecuaci\u00f3n del material escrito o multimedia existente en su Organizaci\u00f3n, empresa, universidad o colegio, \u00a0a una nueva \u00a0presentaci\u00f3n acorde con los requisitos que deben cumplir los cursos &hellip; <a href=\"https:\/\/cognosweb.com\/cognoswp\/diseno-de-contenidos-educativos\/\">Continuar<\/a><\/p>\n","protected":false},"author":1,"featured_media":0,"parent":0,"menu_order":0,"comment_status":"closed","ping_status":"closed","template":"","meta":{"_acf_changed":false,"kt_blocks_editor_width":"","footnotes":""},"class_list":["post-905","page","type-page","status-publish","hentry"],"acf":[],"_links":{"self":[{"href":"https:\/\/cognosweb.com\/cognoswp\/wp-json\/wp\/v2\/pages\/905","targetHints":{"allow":["GET"]}}],"collection":[{"href":"https:\/\/cognosweb.com\/cognoswp\/wp-json\/wp\/v2\/pages"}],"about":[{"href":"https:\/\/cognosweb.com\/cognoswp\/wp-json\/wp\/v2\/types\/page"}],"author":[{"embeddable":true,"href":"https:\/\/cognosweb.com\/cognoswp\/wp-json\/wp\/v2\/users\/1"}],"replies":[{"embeddable":true,"href":"https:\/\/cognosweb.com\/cognoswp\/wp-json\/wp\/v2\/comments?post=905"}],"version-history":[{"count":0,"href":"https:\/\/cognosweb.com\/cognoswp\/wp-json\/wp\/v2\/pages\/905\/revisions"}],"wp:attachment":[{"href":"https:\/\/cognosweb.com\/cognoswp\/wp-json\/wp\/v2\/media?parent=905"}],"curies":[{"name":"wp","href":"https:\/\/api.w.org\/{rel}","templated":true}]}}