{"id":907,"date":"2020-05-14T23:20:35","date_gmt":"2020-05-14T23:20:35","guid":{"rendered":"https:\/\/cognosweb.com\/cognoswp\/?page_id=907"},"modified":"2020-11-27T00:54:48","modified_gmt":"2020-11-27T00:54:48","slug":"hospedaje-de-cursos","status":"publish","type":"page","link":"https:\/\/cognosweb.com\/cognoswp\/hospedaje-de-cursos\/","title":{"rendered":"Hospedaje de cursos"},"content":{"rendered":"<style>.wp-block-kadence-advancedgallery.kb-gallery-wrap-id-_da60c7-2d{overflow:hidden;}.kb-gallery-type-carousel.kb-gallery-id-_da60c7-2d .kt-blocks-carousel .kt-blocks-carousel-init{margin:0 -5px;}.kb-gallery-type-carousel.kb-gallery-id-_da60c7-2d .kt-blocks-carousel .kt-blocks-carousel-init .kb-slide-item{padding:4px 5px;}.kb-gallery-type-carousel.kb-gallery-id-_da60c7-2d .kt-blocks-carousel .kt-blocks-carousel-init .slick-prev{left:5px;}.kb-gallery-type-carousel.kb-gallery-id-_da60c7-2d .kt-blocks-carousel .kt-blocks-carousel-init .slick-next{right:5px;}.kb-gallery-id-_da60c7-2d .kadence-blocks-gallery-item .kb-gal-image-radius, .kb-gallery-id-_da60c7-2d .kb-slide-item .kb-gal-image-radius img{border-radius:0px 0px 0px 0px;;}<\/style>\n<div class=\"wp-block-kadence-advancedgallery kb-gallery-wrap-id-_da60c7-2d\"><div class=\"kb-gallery-ul kb-gallery-type-carousel kb-gallery-id-_da60c7-2d kb-gallery-caption-style-bottom-hover kb-gallery-filter-none\" data-image-filter=\"none\" data-lightbox-caption=\"true\"><div class=\"kt-blocks-carousel kt-carousel-container-dotstyle-dark\"><div class=\"kt-blocks-carousel-init kb-gallery-carousel kt-carousel-arrowstyle-whiteondark kt-carousel-dotstyle-dark\" data-columns-xxl=\"3\" data-columns-xl=\"3\" data-columns-md=\"3\" data-columns-sm=\"2\" data-columns-xs=\"1\" data-columns-ss=\"1\" data-slider-anim-speed=\"400\" data-slider-scroll=\"1\" data-slider-arrows=\"true\" data-slider-dots=\"true\" data-slider-hover-pause=\"false\" data-slider-auto=\"false\" data-slider-speed=\"7000\"><div class=\"kb-slide-item kb-gallery-carousel-item\"><div class=\"kadence-blocks-gallery-item\"><div class=\"kadence-blocks-gallery-item-inner\"><figure class=\"kb-gallery-figure kadence-blocks-gallery-item-hide-caption kb-has-image-ratio-land32\"><div class=\"kb-gal-image-radius\"><div class=\"kb-gallery-image-contain kadence-blocks-gallery-intrinsic kb-gallery-image-ratio-land32\"><img loading=\"lazy\" decoding=\"async\" src=\"https:\/\/cognosweb.com\/cognoswp\/wp-content\/uploads\/2020\/06\/3-5-1024x394.png\" width=\"1024\" height=\"394\" alt=\"\" data-full-image=\"https:\/\/cognosweb.com\/cognoswp\/wp-content\/uploads\/2020\/06\/3-5.png\" data-light-image=\"https:\/\/cognosweb.com\/cognoswp\/wp-content\/uploads\/2020\/06\/3-5.png\" data-id=\"1587\" data-link=\"https:\/\/cognosweb.com\/cognoswp\/cursos-especiales\/3-5\/\" class=\"wp-image-1587 skip-lazy\" title=\"\" srcset=\"https:\/\/cognosweb.com\/cognoswp\/wp-content\/uploads\/2020\/06\/3-5-1024x394.png 1024w, https:\/\/cognosweb.com\/cognoswp\/wp-content\/uploads\/2020\/06\/3-5-300x115.png 300w, https:\/\/cognosweb.com\/cognoswp\/wp-content\/uploads\/2020\/06\/3-5-768x295.png 768w, https:\/\/cognosweb.com\/cognoswp\/wp-content\/uploads\/2020\/06\/3-5-600x231.png 600w, https:\/\/cognosweb.com\/cognoswp\/wp-content\/uploads\/2020\/06\/3-5.png 1170w\" sizes=\"auto, (max-width: 1024px) 100vw, 1024px\" \/><\/div><\/div><\/figure><\/div><\/div><\/div><div class=\"kb-slide-item kb-gallery-carousel-item\"><div class=\"kadence-blocks-gallery-item\"><div class=\"kadence-blocks-gallery-item-inner\"><figure class=\"kb-gallery-figure kadence-blocks-gallery-item-hide-caption kb-has-image-ratio-land32\"><div class=\"kb-gal-image-radius\"><div class=\"kb-gallery-image-contain kadence-blocks-gallery-intrinsic kb-gallery-image-ratio-land32\"><img loading=\"lazy\" decoding=\"async\" src=\"https:\/\/cognosweb.com\/cognoswp\/wp-content\/uploads\/2020\/06\/1-5-1024x394.png\" width=\"1024\" height=\"394\" alt=\"\" data-full-image=\"https:\/\/cognosweb.com\/cognoswp\/wp-content\/uploads\/2020\/06\/1-5.png\" data-light-image=\"https:\/\/cognosweb.com\/cognoswp\/wp-content\/uploads\/2020\/06\/1-5.png\" data-id=\"1585\" data-link=\"https:\/\/cognosweb.com\/cognoswp\/cursos-especiales\/1-5-2\/\" class=\"wp-image-1585 skip-lazy\" title=\"\" srcset=\"https:\/\/cognosweb.com\/cognoswp\/wp-content\/uploads\/2020\/06\/1-5-1024x394.png 1024w, https:\/\/cognosweb.com\/cognoswp\/wp-content\/uploads\/2020\/06\/1-5-300x115.png 300w, https:\/\/cognosweb.com\/cognoswp\/wp-content\/uploads\/2020\/06\/1-5-768x295.png 768w, https:\/\/cognosweb.com\/cognoswp\/wp-content\/uploads\/2020\/06\/1-5-600x231.png 600w, https:\/\/cognosweb.com\/cognoswp\/wp-content\/uploads\/2020\/06\/1-5.png 1170w\" sizes=\"auto, (max-width: 1024px) 100vw, 1024px\" \/><\/div><\/div><\/figure><\/div><\/div><\/div><div class=\"kb-slide-item kb-gallery-carousel-item\"><div class=\"kadence-blocks-gallery-item\"><div class=\"kadence-blocks-gallery-item-inner\"><figure class=\"kb-gallery-figure kadence-blocks-gallery-item-hide-caption kb-has-image-ratio-land32\"><div class=\"kb-gal-image-radius\"><div class=\"kb-gallery-image-contain kadence-blocks-gallery-intrinsic kb-gallery-image-ratio-land32\"><img loading=\"lazy\" decoding=\"async\" src=\"https:\/\/cognosweb.com\/cognoswp\/wp-content\/uploads\/2020\/06\/2-5-1024x394.png\" width=\"1024\" height=\"394\" alt=\"\" data-full-image=\"https:\/\/cognosweb.com\/cognoswp\/wp-content\/uploads\/2020\/06\/2-5.png\" data-light-image=\"https:\/\/cognosweb.com\/cognoswp\/wp-content\/uploads\/2020\/06\/2-5.png\" data-id=\"1586\" data-link=\"https:\/\/cognosweb.com\/cognoswp\/cursos-especiales\/2-5-2\/\" class=\"wp-image-1586 skip-lazy\" title=\"\" srcset=\"https:\/\/cognosweb.com\/cognoswp\/wp-content\/uploads\/2020\/06\/2-5-1024x394.png 1024w, https:\/\/cognosweb.com\/cognoswp\/wp-content\/uploads\/2020\/06\/2-5-300x115.png 300w, https:\/\/cognosweb.com\/cognoswp\/wp-content\/uploads\/2020\/06\/2-5-768x295.png 768w, https:\/\/cognosweb.com\/cognoswp\/wp-content\/uploads\/2020\/06\/2-5-600x231.png 600w, https:\/\/cognosweb.com\/cognoswp\/wp-content\/uploads\/2020\/06\/2-5.png 1170w\" sizes=\"auto, (max-width: 1024px) 100vw, 1024px\" \/><\/div><\/div><\/figure><\/div><\/div><\/div><div class=\"kb-slide-item kb-gallery-carousel-item\"><div class=\"kadence-blocks-gallery-item\"><div class=\"kadence-blocks-gallery-item-inner\"><figure class=\"kb-gallery-figure kadence-blocks-gallery-item-hide-caption kb-has-image-ratio-land32\"><div class=\"kb-gal-image-radius\"><div class=\"kb-gallery-image-contain kadence-blocks-gallery-intrinsic kb-gallery-image-ratio-land32\"><img loading=\"lazy\" decoding=\"async\" src=\"https:\/\/cognosweb.com\/cognoswp\/wp-content\/uploads\/2020\/05\/eng-1-1024x394.png\" width=\"1024\" height=\"394\" alt=\"\" data-full-image=\"https:\/\/cognosweb.com\/cognoswp\/wp-content\/uploads\/2020\/05\/eng-1.png\" data-light-image=\"https:\/\/cognosweb.com\/cognoswp\/wp-content\/uploads\/2020\/05\/eng-1.png\" data-id=\"1285\" data-link=\"https:\/\/cognosweb.com\/cognoswp\/eng-1\/\" class=\"wp-image-1285 skip-lazy\" title=\"\" srcset=\"https:\/\/cognosweb.com\/cognoswp\/wp-content\/uploads\/2020\/05\/eng-1-1024x394.png 1024w, https:\/\/cognosweb.com\/cognoswp\/wp-content\/uploads\/2020\/05\/eng-1-300x115.png 300w, https:\/\/cognosweb.com\/cognoswp\/wp-content\/uploads\/2020\/05\/eng-1-768x295.png 768w, https:\/\/cognosweb.com\/cognoswp\/wp-content\/uploads\/2020\/05\/eng-1-600x231.png 600w, https:\/\/cognosweb.com\/cognoswp\/wp-content\/uploads\/2020\/05\/eng-1.png 1170w\" sizes=\"auto, (max-width: 1024px) 100vw, 1024px\" \/><\/div><\/div><\/figure><\/div><\/div><\/div><div class=\"kb-slide-item kb-gallery-carousel-item\"><div class=\"kadence-blocks-gallery-item\"><div class=\"kadence-blocks-gallery-item-inner\"><figure class=\"kb-gallery-figure kadence-blocks-gallery-item-hide-caption kb-has-image-ratio-land32\"><div class=\"kb-gal-image-radius\"><div class=\"kb-gallery-image-contain kadence-blocks-gallery-intrinsic kb-gallery-image-ratio-land32\"><img loading=\"lazy\" decoding=\"async\" src=\"https:\/\/cognosweb.com\/cognoswp\/wp-content\/uploads\/2020\/05\/9-1-1024x394.png\" width=\"1024\" height=\"394\" alt=\"\" data-full-image=\"https:\/\/cognosweb.com\/cognoswp\/wp-content\/uploads\/2020\/05\/9-1.png\" data-light-image=\"https:\/\/cognosweb.com\/cognoswp\/wp-content\/uploads\/2020\/05\/9-1.png\" data-id=\"1244\" data-link=\"https:\/\/cognosweb.com\/cognoswp\/9-2\/\" class=\"wp-image-1244 skip-lazy\" title=\"\" srcset=\"https:\/\/cognosweb.com\/cognoswp\/wp-content\/uploads\/2020\/05\/9-1-1024x394.png 1024w, https:\/\/cognosweb.com\/cognoswp\/wp-content\/uploads\/2020\/05\/9-1-300x115.png 300w, https:\/\/cognosweb.com\/cognoswp\/wp-content\/uploads\/2020\/05\/9-1-768x295.png 768w, https:\/\/cognosweb.com\/cognoswp\/wp-content\/uploads\/2020\/05\/9-1-600x231.png 600w, https:\/\/cognosweb.com\/cognoswp\/wp-content\/uploads\/2020\/05\/9-1.png 1170w\" sizes=\"auto, (max-width: 1024px) 100vw, 1024px\" \/><\/div><\/div><\/figure><\/div><\/div><\/div><\/div><\/div><\/div><\/div>\n\n\n<h3><strong>Hospedaje de cursos (Hosting)<br \/><\/strong><\/h3>\n<p>Si Usted ya tiene un curso dise\u00f1ado y a quien dict\u00e1rselo, podemos proveerle el aula para realizarlo.<\/p>\n<p>El servicio puede incluir desde simplemente la utilizaci\u00f3n de nuestro portal \u201cauladelconocimiento.com\u201d\u00a0 y\/o la adaptaci\u00f3n del curso a la plataforma virtual y la asesor\u00eda para obtener los mejores resultados tanto pedag\u00f3gicos como financieros.<\/p>\n<p>As\u00ed usted podr\u00e1 dedicarse totalmente a la realizaci\u00f3n del curso, seguro de que nuestra soluci\u00f3n le dar\u00e1 toda la infraestructura necesaria para la buena realizaci\u00f3n del curso.<\/p>\n<p>Para cualquier informaci\u00f3n cont\u00e1ctanos para brindarle nuestra asesor\u00eda en \u00a0nuestros tel\u00e9fonos,\u00a0 llenando nuestro <a href=\"https:\/\/cognosweb.com\/cognoswp\/contactanos\/\"><strong>formulario de Contacto<\/strong><\/a> o de solicitud de una <a href=\"https:\/\/cognosweb.com\/cognoswp\/quiero-cotizar\/\"><strong>cotizaci\u00f3n<\/strong><\/a>.<\/p>\n<p>Nuestro portal, \u00a0<a href=\"https:\/\/auladelconocimiento.com\" target=\"_blank\" rel=\"noreferrer noopener\">https:\/\/auladelconocimiento.com<\/a>, te permite ver como las soluciones propuestas se hacen realidad.<\/p>","protected":false},"excerpt":{"rendered":"<p>Hospedaje de cursos (Hosting) Si Usted ya tiene un curso dise\u00f1ado y a quien dict\u00e1rselo, podemos proveerle el aula para realizarlo. El servicio puede incluir desde simplemente la utilizaci\u00f3n de nuestro portal \u201cauladelconocimiento.com\u201d\u00a0 y\/o la adaptaci\u00f3n del curso a la &hellip; <a href=\"https:\/\/cognosweb.com\/cognoswp\/hospedaje-de-cursos\/\">Continuar<\/a><\/p>\n","protected":false},"author":1,"featured_media":0,"parent":0,"menu_order":0,"comment_status":"closed","ping_status":"closed","template":"","meta":{"_acf_changed":false,"kt_blocks_editor_width":"","footnotes":""},"class_list":["post-907","page","type-page","status-publish","hentry"],"acf":[],"_links":{"self":[{"href":"https:\/\/cognosweb.com\/cognoswp\/wp-json\/wp\/v2\/pages\/907","targetHints":{"allow":["GET"]}}],"collection":[{"href":"https:\/\/cognosweb.com\/cognoswp\/wp-json\/wp\/v2\/pages"}],"about":[{"href":"https:\/\/cognosweb.com\/cognoswp\/wp-json\/wp\/v2\/types\/page"}],"author":[{"embeddable":true,"href":"https:\/\/cognosweb.com\/cognoswp\/wp-json\/wp\/v2\/users\/1"}],"replies":[{"embeddable":true,"href":"https:\/\/cognosweb.com\/cognoswp\/wp-json\/wp\/v2\/comments?post=907"}],"version-history":[{"count":0,"href":"https:\/\/cognosweb.com\/cognoswp\/wp-json\/wp\/v2\/pages\/907\/revisions"}],"wp:attachment":[{"href":"https:\/\/cognosweb.com\/cognoswp\/wp-json\/wp\/v2\/media?parent=907"}],"curies":[{"name":"wp","href":"https:\/\/api.w.org\/{rel}","templated":true}]}}