{"id":911,"date":"2020-05-14T23:22:19","date_gmt":"2020-05-14T23:22:19","guid":{"rendered":"https:\/\/cognosweb.com\/cognoswp\/?page_id=911"},"modified":"2020-11-26T04:25:19","modified_gmt":"2020-11-26T04:25:19","slug":"diseno-web-extendido","status":"publish","type":"page","link":"https:\/\/cognosweb.com\/cognoswp\/diseno-web-extendido\/","title":{"rendered":"Dise\u00f1o web extendido"},"content":{"rendered":"<h3><span style=\"font-size: 8pt; color: #ffffff;\">Dise\u00f1o web extendido<\/span><\/h3>\n<h3>Paquete B\u00e1sico Extendido incluye:<\/h3>\n<ul>\n<li>Dominio<\/li>\n<li>Hosting B\u00e1sico<\/li>\n<li>Diez Correos Electr\u00f3nicos<\/li>\n<li>SEO b\u00e1sico para la soluci\u00f3n.<\/li>\n<li>Optimizaci\u00f3n de graficas.<\/li>\n<li>Rendimiento adecuado.<\/li>\n<li>Dise\u00f1o Web b\u00e1sico con Plantillas predefinidas<\/li>\n<li>Hasta un m\u00e1ximo de 10 p\u00e1ginas y subp\u00e1ginas<\/li>\n<li>Dise\u00f1o Logo.<\/li>\n<\/ul>\n<p>El Paquete extendido incluye entre otros, el dominio por un a\u00f1o, el hospedaje b\u00e1sico exclusivo para su p\u00e1gina por un a\u00f1o, Diez correos electr\u00f3nicos, el dise\u00f1o de un logo y el dise\u00f1o de la p\u00e1gina web que incluye la p\u00e1gina principal y 9 subp\u00e1ginas con informaci\u00f3n, productos, servicios, contacto, etc.<\/p>\n<p>Tambi\u00e9n te brindamos servicios de <a href=\"https:\/\/cognosweb.com\/cognoswp\/rediseno-web-la-solucion\/\">redise\u00f1o web<\/a> en caso de que no te encuentres conforme con tu soluci\u00f3n actual y el servicio de<a href=\"https:\/\/cognosweb.com\/cognoswp\/auditoria-web\/\"> auditor\u00eda web<\/a> por si quieres verificar el estado de ella.<\/p>\n<p>Si deseas conocer algunos de nuestros servicios\u00a0 por favor ingresa al siguiente enlace: <a href=\"https:\/\/cognosweb.com\/cognoswp\/capacitacion-virtual\/\">https:\/\/cognosweb.com\/cognoswp\/capacitacion-virtual<\/a>\u00a0 para todo lo referente a la capacitaci\u00f3n virtual y todas las posibilidades.<\/p>\n<p>Si deseas conocer nuestro portal educativo, usa el siguiente enlace: <a href=\"https:\/\/auladelconocimiento.com\" target=\"_blank\" rel=\"noopener noreferrer\">https:\/\/auladelconocimiento.com<\/a><\/p>\n<p>Si deseas conocer nuestras soluciones en comercio electr\u00f3nico y tiendas virtuales por favor utiliza el siguiente enlace: <a href=\"https:\/\/cognosweb.com\/cognoswp\/tiendas-virtuales\/\">https:\/\/cognosweb.com\/cognoswp\/tiendas-virtuales\/<\/a><\/p>\n<p>Si deseas una cotizaci\u00f3n ajustada a tus necesidades por favor utiliza el siguiente enlace: <a href=\"https:\/\/cognosweb.com\/cognoswp\/quiero-cotizar\/\">https:\/\/cognosweb.com\/cognoswp\/quiero-cotizar\/<\/a><\/p>\n","protected":false},"excerpt":{"rendered":"<p>Dise\u00f1o web extendido Paquete B\u00e1sico Extendido incluye: Dominio Hosting B\u00e1sico Diez Correos Electr\u00f3nicos SEO b\u00e1sico para la soluci\u00f3n. Optimizaci\u00f3n de graficas. Rendimiento adecuado. Dise\u00f1o Web b\u00e1sico con Plantillas predefinidas Hasta un m\u00e1ximo de 10 p\u00e1ginas y subp\u00e1ginas Dise\u00f1o Logo. El &hellip; <a href=\"https:\/\/cognosweb.com\/cognoswp\/diseno-web-extendido\/\">Continuar<\/a><\/p>\n","protected":false},"author":1,"featured_media":0,"parent":0,"menu_order":0,"comment_status":"closed","ping_status":"closed","template":"","meta":{"_acf_changed":false,"kt_blocks_editor_width":"","footnotes":""},"class_list":["post-911","page","type-page","status-publish","hentry"],"acf":[],"_links":{"self":[{"href":"https:\/\/cognosweb.com\/cognoswp\/wp-json\/wp\/v2\/pages\/911","targetHints":{"allow":["GET"]}}],"collection":[{"href":"https:\/\/cognosweb.com\/cognoswp\/wp-json\/wp\/v2\/pages"}],"about":[{"href":"https:\/\/cognosweb.com\/cognoswp\/wp-json\/wp\/v2\/types\/page"}],"author":[{"embeddable":true,"href":"https:\/\/cognosweb.com\/cognoswp\/wp-json\/wp\/v2\/users\/1"}],"replies":[{"embeddable":true,"href":"https:\/\/cognosweb.com\/cognoswp\/wp-json\/wp\/v2\/comments?post=911"}],"version-history":[{"count":0,"href":"https:\/\/cognosweb.com\/cognoswp\/wp-json\/wp\/v2\/pages\/911\/revisions"}],"wp:attachment":[{"href":"https:\/\/cognosweb.com\/cognoswp\/wp-json\/wp\/v2\/media?parent=911"}],"curies":[{"name":"wp","href":"https:\/\/api.w.org\/{rel}","templated":true}]}}