{"id":914,"date":"2020-05-14T23:23:30","date_gmt":"2020-05-14T23:23:30","guid":{"rendered":"https:\/\/cognosweb.com\/cognoswp\/?page_id=914"},"modified":"2020-11-26T04:18:32","modified_gmt":"2020-11-26T04:18:32","slug":"diseno-web-profesional","status":"publish","type":"page","link":"https:\/\/cognosweb.com\/cognoswp\/diseno-web-profesional\/","title":{"rendered":"Dise\u00f1o web profesional"},"content":{"rendered":"<h2><span style=\"font-size: 8pt; color: #ffffff;\">D<img loading=\"lazy\" decoding=\"async\" class=\"aligncenter wp-image-2063\" src=\"https:\/\/cognosweb.com\/cognoswp\/wp-content\/uploads\/2020\/11\/disenoWeb.jpg\" alt=\"Dise\u00f1o web profesional\" width=\"139\" height=\"79\" title=\"\">ise\u00f1o web profesional<\/span><\/h2>\n<h3>Paquete Profesional\u00a0 de Dise\u00f1o web puede incluir entre otros:<\/h3>\n<ul>\n<li>Dominio<\/li>\n<li>Hosting exclusivo<\/li>\n<li>Dise\u00f1o web Profesional<\/li>\n<li>M\u00faltiples\u00a0 correos electr\u00f3nicos<\/li>\n<li>E-mail Masivos<\/li>\n<li>Tiendas Online<\/li>\n<li>Cat\u00e1logos.<\/li>\n<li>Dise\u00f1o logo<\/li>\n<li>Posicionamiento web en buscadores<\/li>\n<li>SEO \u00f3ptimo en cada secci\u00f3n, art\u00edculo, p\u00e1gina, imagen de tu sitio.<\/li>\n<li>Adecuaci\u00f3n fotogr\u00e1ficas<\/li>\n<li>Foros, Chat, WhatsApp.<\/li>\n<li>Traducciones a otros idiomas<\/li>\n<li>optimizaci\u00f3n web para tablets y dispositivos m\u00f3viles<\/li>\n<li>Enlaces a Facebook, etc.<\/li>\n<\/ul>\n<p>Tambi\u00e9n te brindamos servicios de <a href=\"https:\/\/cognosweb.com\/cognoswp\/rediseno-web-la-solucion\/\">redise\u00f1o web<\/a> en caso de que no te encuentres conforme con tu soluci\u00f3n actual y el servicio de<a href=\"https:\/\/cognosweb.com\/cognoswp\/auditoria-web\/\"> auditor\u00eda web<\/a> por si quieres verificar el estado de ella.<\/p>\n<p>Si deseas conocer algunos de nuestros servicios\u00a0 por favor ingresa al siguiente enlace: <a href=\"https:\/\/cognosweb.com\/cognoswp\/capacitacion-virtual\/\">https:\/\/cognosweb.com\/cognoswp\/capacitacion-virtual<\/a>\u00a0 para todo lo referente a la capacitaci\u00f3n virtual y todas las posibilidades.<\/p>\n<p>Si deseas conocer nuestro portal educativo, usa el siguiente enlace: <a href=\"https:\/\/auladelconocimiento.com\" target=\"_blank\" rel=\"noopener noreferrer\">https:\/\/auladelconocimiento.com<\/a><\/p>\n<p>Si deseas conocer nuestras soluciones en comercio electr\u00f3nico y tiendas virtuales por favor utiliza el siguiente enlace: <a href=\"https:\/\/cognosweb.com\/cognoswp\/tiendas-virtuales\/\">https:\/\/cognosweb.com\/cognoswp\/tiendas-virtuales\/<\/a><\/p>\n<p>Si deseas una cotizaci\u00f3n ajustada a tus necesidades por favor utiliza el siguiente enlace: <a href=\"https:\/\/cognosweb.com\/cognoswp\/quiero-cotizar\/\">https:\/\/cognosweb.com\/cognoswp\/quiero-cotizar\/<\/a><\/p>\n","protected":false},"excerpt":{"rendered":"<p>Dise\u00f1o web profesional Paquete Profesional\u00a0 de Dise\u00f1o web puede incluir entre otros: Dominio Hosting exclusivo Dise\u00f1o web Profesional M\u00faltiples\u00a0 correos electr\u00f3nicos E-mail Masivos Tiendas Online Cat\u00e1logos. Dise\u00f1o logo Posicionamiento web en buscadores SEO \u00f3ptimo en cada secci\u00f3n, art\u00edculo, p\u00e1gina, imagen &hellip; <a href=\"https:\/\/cognosweb.com\/cognoswp\/diseno-web-profesional\/\">Continuar<\/a><\/p>\n","protected":false},"author":1,"featured_media":0,"parent":0,"menu_order":0,"comment_status":"closed","ping_status":"closed","template":"","meta":{"_acf_changed":false,"kt_blocks_editor_width":"","footnotes":""},"class_list":["post-914","page","type-page","status-publish","hentry"],"acf":[],"_links":{"self":[{"href":"https:\/\/cognosweb.com\/cognoswp\/wp-json\/wp\/v2\/pages\/914","targetHints":{"allow":["GET"]}}],"collection":[{"href":"https:\/\/cognosweb.com\/cognoswp\/wp-json\/wp\/v2\/pages"}],"about":[{"href":"https:\/\/cognosweb.com\/cognoswp\/wp-json\/wp\/v2\/types\/page"}],"author":[{"embeddable":true,"href":"https:\/\/cognosweb.com\/cognoswp\/wp-json\/wp\/v2\/users\/1"}],"replies":[{"embeddable":true,"href":"https:\/\/cognosweb.com\/cognoswp\/wp-json\/wp\/v2\/comments?post=914"}],"version-history":[{"count":0,"href":"https:\/\/cognosweb.com\/cognoswp\/wp-json\/wp\/v2\/pages\/914\/revisions"}],"wp:attachment":[{"href":"https:\/\/cognosweb.com\/cognoswp\/wp-json\/wp\/v2\/media?parent=914"}],"curies":[{"name":"wp","href":"https:\/\/api.w.org\/{rel}","templated":true}]}}