{"id":920,"date":"2020-05-14T23:34:01","date_gmt":"2020-05-14T23:34:01","guid":{"rendered":"https:\/\/cognosweb.com\/cognoswp\/?page_id=920"},"modified":"2020-11-03T00:52:59","modified_gmt":"2020-11-03T00:52:59","slug":"quienes-somos","status":"publish","type":"page","link":"https:\/\/cognosweb.com\/cognoswp\/quienes-somos\/","title":{"rendered":"Quienes Somos"},"content":{"rendered":"\n<p><font size=\"1\" color=\"#FFFFFF\">Quienes Somos<\/font><\/p>\n\n\n\n<p><img loading=\"lazy\" decoding=\"async\" class=\"size-medium wp-image-1247 aligncenter\" src=\"https:\/\/cognosweb.com\/cognoswp\/wp-content\/uploads\/2020\/05\/12-300x115.png\" alt=\"Quienes Somos\" width=\"300\" height=\"115\" title=\"\" srcset=\"https:\/\/cognosweb.com\/cognoswp\/wp-content\/uploads\/2020\/05\/12-300x115.png 300w, https:\/\/cognosweb.com\/cognoswp\/wp-content\/uploads\/2020\/05\/12-1024x394.png 1024w, https:\/\/cognosweb.com\/cognoswp\/wp-content\/uploads\/2020\/05\/12-768x295.png 768w, https:\/\/cognosweb.com\/cognoswp\/wp-content\/uploads\/2020\/05\/12-600x231.png 600w, https:\/\/cognosweb.com\/cognoswp\/wp-content\/uploads\/2020\/05\/12.png 1170w\" sizes=\"auto, (max-width: 300px) 100vw, 300px\" \/><\/p>\n\n\n<h2>Quienes Somos.<\/h2>\n<p>Somos la empresa l\u00edder en dise\u00f1o, desarrollo e implementaci\u00f3n de programas de formaci\u00f3n virtual o virtual-presencial, desarrollo de portales educativos, capacitaci\u00f3n en l\u00ednea y gesti\u00f3n del conocimiento, al Igual que en el dise\u00f1o de soluciones Web.<\/p>\n<p>Acompa\u00f1amos nuestras implementaciones con estrategias que le permitan estar a la vanguardia y siempre presentes en el ambiente virtual.<\/p>\n<p>Desde el a\u00f1o 2000 hemos asesorado organizaciones en Am\u00e9rica Latina en especial, Colombia y Ecuador.<\/p>\n<p>Nuestra empresa dispone de un equipo altamente calificado en la implementaci\u00f3n de soluciones Web, ambientes virtuales, montaje de portales educativos, desarrollo y dise\u00f1o de soluciones integrales, utilizando tecnolog\u00eda de punta y pedagog\u00eda moderna.<\/p>\n<p>Contamos con personal certificado en las \u00e1reas de capacitaci\u00f3n virtual y dise\u00f1o Web y certificaciones internacionales MCCC en dise\u00f1o de cursos y plataformas Moodle.<\/p>\n<p>Si deseas conocer algunos de nuestros servicios\u00a0 por favor ingresa al siguiente enlace: <a href=\"https:\/\/cognosweb.com\/cognoswp\/capacitacion-virtual\/\">https:\/\/cognosweb.com\/cognoswp\/capacitacion-virtual<\/a>\u00a0 para todo lo referente a la capacitaci\u00f3n virtual y todas las posibilidades.<\/p>\n<p>Si deseas conocer algunos de nuestros servicios\u00a0 en dise\u00f1o Web, por favor ingresa al siguiente enlace <a href=\"https:\/\/cognosweb.com\/cognoswp\/diseno-web\/\">https:\/\/cognosweb.com\/cognoswp\/diseno-web\/<\/a>\u00a0<\/p>\n<p>Si deseas conocer nuestro portal educativo, usa el siguiente enlace: <a href=\"https:\/\/auladelconocimiento.com\" target=\"_blank\" rel=\"noopener\">https:\/\/auladelconocimiento.com<\/a><\/p>\n<p>Si deseas conocer nuestras soluciones en comercio electr\u00f3nico y tiendas virtuales por favor utiliza el siguiente enlace: <a href=\"https:\/\/cognosweb.com\/cognoswp\/tiendas-virtuales\/\">https:\/\/cognosweb.com\/cognoswp\/tiendas-virtuales\/<\/a><\/p>\n<p>\u00a0<\/p>","protected":false},"excerpt":{"rendered":"<p>Quienes Somos Quienes Somos. Somos la empresa l\u00edder en dise\u00f1o, desarrollo e implementaci\u00f3n de programas de formaci\u00f3n virtual o virtual-presencial, desarrollo de portales educativos, capacitaci\u00f3n en l\u00ednea y gesti\u00f3n del conocimiento, al Igual que en el dise\u00f1o de soluciones Web. &hellip; <a href=\"https:\/\/cognosweb.com\/cognoswp\/quienes-somos\/\">Continuar<\/a><\/p>\n","protected":false},"author":1,"featured_media":0,"parent":0,"menu_order":0,"comment_status":"closed","ping_status":"closed","template":"","meta":{"_acf_changed":false,"kt_blocks_editor_width":"","footnotes":""},"class_list":["post-920","page","type-page","status-publish","hentry"],"acf":[],"_links":{"self":[{"href":"https:\/\/cognosweb.com\/cognoswp\/wp-json\/wp\/v2\/pages\/920","targetHints":{"allow":["GET"]}}],"collection":[{"href":"https:\/\/cognosweb.com\/cognoswp\/wp-json\/wp\/v2\/pages"}],"about":[{"href":"https:\/\/cognosweb.com\/cognoswp\/wp-json\/wp\/v2\/types\/page"}],"author":[{"embeddable":true,"href":"https:\/\/cognosweb.com\/cognoswp\/wp-json\/wp\/v2\/users\/1"}],"replies":[{"embeddable":true,"href":"https:\/\/cognosweb.com\/cognoswp\/wp-json\/wp\/v2\/comments?post=920"}],"version-history":[{"count":0,"href":"https:\/\/cognosweb.com\/cognoswp\/wp-json\/wp\/v2\/pages\/920\/revisions"}],"wp:attachment":[{"href":"https:\/\/cognosweb.com\/cognoswp\/wp-json\/wp\/v2\/media?parent=920"}],"curies":[{"name":"wp","href":"https:\/\/api.w.org\/{rel}","templated":true}]}}